{"id":39998,"date":"2020-11-10T23:03:11","date_gmt":"2020-11-10T23:03:11","guid":{"rendered":"https:\/\/psi2030.wpengine.com\/?page_id=39998"},"modified":"2025-01-29T12:54:07","modified_gmt":"2025-01-29T17:54:07","slug":"reproductive-choice","status":"publish","type":"page","link":"https:\/\/www.psi.org\/fr\/reproductive-choice\/","title":{"rendered":"Reproductive Choice"},"content":{"rendered":"<div data-elementor-type=\"wp-page\" data-elementor-id=\"39998\" class=\"elementor elementor-39998\" data-elementor-post-type=\"page\">\n\t\t\t\t\t\t<section class=\"elementor-section elementor-top-section elementor-element elementor-element-550a2ff3 elementor-section-boxed elementor-section-height-default elementor-section-height-default\" data-id=\"550a2ff3\" data-element_type=\"section\" data-e-type=\"section\" data-settings=\"{&quot;background_background&quot;:&quot;classic&quot;}\">\n\t\t\t\t\t\t\t<div class=\"elementor-background-overlay\"><\/div>\n\t\t\t\t\t\t\t<div class=\"elementor-container elementor-column-gap-default\">\n\t\t\t\t\t<div class=\"elementor-column elementor-col-100 elementor-top-column elementor-element elementor-element-1815975e heading-alt\" data-id=\"1815975e\" data-element_type=\"column\" data-e-type=\"column\">\n\t\t\t<div class=\"elementor-widget-wrap elementor-element-populated\">\n\t\t\t\t\t\t<div class=\"elementor-element elementor-element-3c1c96e4 elementor-widget elementor-widget-heading\" data-id=\"3c1c96e4\" data-element_type=\"widget\" data-e-type=\"widget\" data-widget_type=\"heading.default\">\n\t\t\t\t<div class=\"elementor-widget-container\">\n\t\t\t\t\t<h2 class=\"elementor-heading-title elementor-size-default\"><span>Plus de 50 ans de mise en \u0153uvre <\/span> <br>Les femmes au centre<\/h2>\t\t\t\t<\/div>\n\t\t\t\t<\/div>\n\t\t\t\t<section class=\"elementor-section elementor-inner-section elementor-element elementor-element-7bb1c631 elementor-section-boxed elementor-section-height-default elementor-section-height-default\" data-id=\"7bb1c631\" data-element_type=\"section\" data-e-type=\"section\">\n\t\t\t\t\t\t<div class=\"elementor-container elementor-column-gap-default\">\n\t\t\t\t\t<div class=\"elementor-column elementor-col-100 elementor-inner-column elementor-element elementor-element-6fef33ef\" data-id=\"6fef33ef\" data-element_type=\"column\" data-e-type=\"column\">\n\t\t\t<div class=\"elementor-widget-wrap elementor-element-populated\">\n\t\t\t\t\t\t<div class=\"elementor-element elementor-element-1b335b90 elementor-widget elementor-widget-text-editor\" data-id=\"1b335b90\" data-element_type=\"widget\" data-e-type=\"widget\" data-widget_type=\"text-editor.default\">\n\t\t\t\t<div class=\"elementor-widget-container\">\n\t\t\t\t\t\t\t\t\t<h3 dir=\"ltr\" style=\"line-height: 0.9; margin-top: 0pt; margin-bottom: 6pt;\"><span class=\"TextRun SCXW190106069 BCX0\" lang=\"EN-US\" xml:lang=\"EN-US\" data-contrast=\"auto\"><span class=\"NormalTextRun SCXW190106069 BCX0\">TRANSF\u00c9RER LE POUVOIR AUX FEMMES ET AUX FILLES<\/span><\/span><span class=\"EOP SCXW190106069 BCX0\" data-ccp-props=\"{\">\u00a0<\/span><\/h3><p dir=\"ltr\" style=\"line-height: 1.38; margin-top: 0pt; margin-bottom: 12pt;\"><span style=\"font-size: 16pt; font-family: Arial; color: #000000; background-color: transparent; font-weight: 400; font-style: normal; font-variant: normal; text-decoration: none; vertical-align: baseline; white-space: pre-wrap;\"><span class=\"TextRun SCXW186967846 BCX0\" lang=\"EN-US\" xml:lang=\"EN-US\" data-contrast=\"auto\"><span class=\"NormalTextRun SCXW186967846 BCX0\">Il y a 50 ans, l'ISP a commenc\u00e9 \u00e0 se financer gr\u00e2ce \u00e0 une entreprise de vente de pr\u00e9servatifs par correspondance. Depuis lors, vous nous avez aid\u00e9s \u00e0 <\/span><span class=\"NormalTextRun CommentStart SCXW186967846 BCX0\">\u00e9largir <\/span><span class=\"NormalTextRun SCXW186967846 BCX0\">reproductif <\/span><span class=\"NormalTextRun SCXW186967846 BCX0\">choix<\/span><span class=\"NormalTextRun SCXW186967846 BCX0\"> et <\/span><span class=\"NormalTextRun SCXW186967846 BCX0\">des options contraceptives dont la qualit\u00e9 est garantie, qui sont accessibles et qui r\u00e9pondent aux besoins.<\/span><\/span> <\/span><\/p><p dir=\"ltr\" style=\"line-height: 1.38; margin-top: 0pt; margin-bottom: 12pt;\"><span style=\"font-size: 16pt; font-family: Arial; color: #000000; background-color: transparent; font-weight: 400; font-style: normal; font-variant: normal; text-decoration: none; vertical-align: baseline; white-space: pre-wrap;\"><span class=\"TextRun BCX0 SCXW5692201\" lang=\"EN-US\" xml:lang=\"EN-US\" data-contrast=\"auto\"><span class=\"NormalTextRun BCX0 SCXW5692201\">Ensemble, nous avons ouvert la voie \u00e0 des services de sant\u00e9 sexuelle et reproductive pour des millions de femmes et de jeunes filles et nous avons contribu\u00e9 \u00e0 pr\u00e9venir plus de <\/span><span class=\"NormalTextRun CommentStart CommentHighlightPipeRest CommentHighlightRest BCX0 SCXW5692201\">100 millions d'euros<\/span> <span class=\"NormalTextRun CommentHighlightPipeRest BCX0 SCXW5692201\">les grossesses non d\u00e9sir\u00e9es. En pla\u00e7ant les souhaits et les besoins des femmes et des jeunes filles au centre de notre travail, nous continuons \u00e0 fonder notre approche sur la protection et la promotion des droits des individus dans le monde entier, en veillant \u00e0 ce que tous les enfants de moins de 18 ans aient acc\u00e8s \u00e0 l'\u00e9ducation et \u00e0 la formation. <\/span><\/span><span class=\"TextRun BCX0 SCXW5692201\" lang=\"EN-US\" xml:lang=\"EN-US\" data-contrast=\"none\"><span class=\"NormalTextRun BCX0 SCXW5692201\">les personnes ont davantage la possibilit\u00e9 de s'exprimer, de choisir et d'agir sur leur propre sant\u00e9, leur fertilit\u00e9 et leur vie<\/span><\/span>.<\/span><\/p><p dir=\"ltr\" style=\"font-size: 16pt; line-height: 1.38; margin-top: 0pt; margin-bottom: 12pt;\"><b>D\u00e9couvrez comment notre approche et notre impact ont \u00e9volu\u00e9 au fil des ans pour nous aider \u00e0 progresser vers l'acc\u00e8s universel aux services de sant\u00e9 sexuelle et reproductive.<\/b><\/p>\t\t\t\t\t\t\t\t<\/div>\n\t\t\t\t<\/div>\n\t\t\t\t\t<\/div>\n\t\t<\/div>\n\t\t\t\t<div class=\"elementor-column elementor-col-100 elementor-inner-column elementor-element elementor-element-71a654a1 elementor-hidden-tablet elementor-hidden-phone\" data-id=\"71a654a1\" data-element_type=\"column\" data-e-type=\"column\">\n\t\t\t<div class=\"elementor-widget-wrap\">\n\t\t\t\t\t\t\t<\/div>\n\t\t<\/div>\n\t\t\t\t\t<\/div>\n\t\t<\/section>\n\t\t\t\t\t<\/div>\n\t\t<\/div>\n\t\t\t\t\t<\/div>\n\t\t<\/section>\n\t\t\t\t<section class=\"elementor-section elementor-top-section elementor-element elementor-element-0e907f0 elementor-section-boxed elementor-section-height-default elementor-section-height-default\" data-id=\"0e907f0\" data-element_type=\"section\" data-e-type=\"section\">\n\t\t\t\t\t\t<div class=\"elementor-container elementor-column-gap-default\">\n\t\t\t\t\t<div class=\"elementor-column elementor-col-100 elementor-top-column elementor-element elementor-element-59c414c\" data-id=\"59c414c\" data-element_type=\"column\" data-e-type=\"column\">\n\t\t\t<div class=\"elementor-widget-wrap elementor-element-populated\">\n\t\t\t\t\t\t<div class=\"elementor-element elementor-element-0f6e414 elementor-widget elementor-widget-spacer\" data-id=\"0f6e414\" data-element_type=\"widget\" data-e-type=\"widget\" data-widget_type=\"spacer.default\">\n\t\t\t\t<div class=\"elementor-widget-container\">\n\t\t\t\t\t\t\t<div class=\"elementor-spacer\">\n\t\t\t<div class=\"elementor-spacer-inner\"><\/div>\n\t\t<\/div>\n\t\t\t\t\t\t<\/div>\n\t\t\t\t<\/div>\n\t\t\t\t\t<\/div>\n\t\t<\/div>\n\t\t\t\t\t<\/div>\n\t\t<\/section>\n\t\t\t\t<section class=\"elementor-section elementor-top-section elementor-element elementor-element-0d43d6c elementor-section-boxed elementor-section-height-default elementor-section-height-default\" data-id=\"0d43d6c\" data-element_type=\"section\" data-e-type=\"section\">\n\t\t\t\t\t\t<div class=\"elementor-container elementor-column-gap-default\">\n\t\t\t\t\t<div class=\"elementor-column elementor-col-100 elementor-top-column elementor-element elementor-element-abca728\" data-id=\"abca728\" data-element_type=\"column\" data-e-type=\"column\">\n\t\t\t<div class=\"elementor-widget-wrap elementor-element-populated\">\n\t\t\t\t\t\t<div class=\"elementor-element elementor-element-61f7de6 elementor-widget elementor-widget-testimonial\" data-id=\"61f7de6\" data-element_type=\"widget\" data-e-type=\"widget\" data-widget_type=\"testimonial.default\">\n\t\t\t\t<div class=\"elementor-widget-container\">\n\t\t\t\t\t\t\t<div class=\"elementor-testimonial-wrapper\">\n\t\t\t\t\t\t\t<div class=\"elementor-testimonial-content\">*Le nombre d'utilisateurs touch\u00e9s est estim\u00e9 au niveau de la population, et non de l'individu, et correspond au nombre de clients qui re\u00e7oivent un produit ou un service ou l'\u00e9quivalent d'une ann\u00e9e d'approvisionnement.<\/div>\n\t\t\t\n\t\t\t\t\t<\/div>\n\t\t\t\t\t\t<\/div>\n\t\t\t\t<\/div>\n\t\t\t\t\t<\/div>\n\t\t<\/div>\n\t\t\t\t\t<\/div>\n\t\t<\/section>\n\t\t\t\t<section class=\"elementor-section elementor-top-section elementor-element elementor-element-18d5f1f6 elementor-section-boxed elementor-section-height-default elementor-section-height-default\" data-id=\"18d5f1f6\" data-element_type=\"section\" data-e-type=\"section\" data-settings=\"{&quot;background_background&quot;:&quot;classic&quot;}\">\n\t\t\t\t\t\t<div class=\"elementor-container elementor-column-gap-default\">\n\t\t\t\t\t<div class=\"elementor-column elementor-col-100 elementor-top-column elementor-element elementor-element-648357f5\" data-id=\"648357f5\" data-element_type=\"column\" data-e-type=\"column\">\n\t\t\t<div class=\"elementor-widget-wrap elementor-element-populated\">\n\t\t\t\t\t\t<section class=\"elementor-section elementor-inner-section elementor-element elementor-element-157de9cf elementor-section-boxed elementor-section-height-default elementor-section-height-default\" data-id=\"157de9cf\" data-element_type=\"section\" data-e-type=\"section\">\n\t\t\t\t\t\t<div class=\"elementor-container elementor-column-gap-default\">\n\t\t\t\t\t<div class=\"elementor-column elementor-col-100 elementor-inner-column elementor-element elementor-element-13014aaf\" data-id=\"13014aaf\" data-element_type=\"column\" data-e-type=\"column\">\n\t\t\t<div class=\"elementor-widget-wrap elementor-element-populated\">\n\t\t\t\t\t\t<div class=\"elementor-element elementor-element-6bdf1b4e elementor-widget__width-inherit elementor-widget elementor-widget-text-editor\" data-id=\"6bdf1b4e\" data-element_type=\"widget\" data-e-type=\"widget\" data-widget_type=\"text-editor.default\">\n\t\t\t\t<div class=\"elementor-widget-container\">\n\t\t\t\t\t\t\t\t\t<p>Comme vous pouvez le constater, notre offre a \u00e9volu\u00e9 pour proposer davantage de choix aux particuliers du monde entier. Mais une chose n'a pas chang\u00e9. Nous pensons que chacun peut et doit ma\u00eetriser sa sexualit\u00e9, sa sant\u00e9 sexuelle et sa fertilit\u00e9.\u00a0<span style=\"font-size: 19px; font-style: normal; font-weight: 600; color: #ffffff; white-space: pre-wrap;\"><br \/>Si vous \u00eates d'accord, veuillez envisager de faire un don de soutien. Votre contribution nous aidera \u00e0 \u00e9largir le choix en mati\u00e8re de procr\u00e9ation et les options contraceptives et \u00e0 trouver de nouveaux moyens de mettre le pouvoir entre les mains des personnes que nous servons.<\/span><\/p>\t\t\t\t\t\t\t\t<\/div>\n\t\t\t\t<\/div>\n\t\t\t\t<div class=\"elementor-element elementor-element-519eff29 elementor-align-center elementor-widget elementor-widget-button\" data-id=\"519eff29\" data-element_type=\"widget\" data-e-type=\"widget\" data-widget_type=\"button.default\">\n\t\t\t\t<div class=\"elementor-widget-container\">\n\t\t\t\t\t\t\t\t\t<div class=\"elementor-button-wrapper\">\n\t\t\t\t\t<a class=\"elementor-button elementor-button-link elementor-size-md\" href=\"https:\/\/give.psi.org\/donate-now\">\n\t\t\t\t\t\t<span class=\"elementor-button-content-wrapper\">\n\t\t\t\t\t\t\t\t\t<span class=\"elementor-button-text\">donner<\/span>\n\t\t\t\t\t<\/span>\n\t\t\t\t\t<\/a>\n\t\t\t\t<\/div>\n\t\t\t\t\t\t\t\t<\/div>\n\t\t\t\t<\/div>\n\t\t\t\t\t<\/div>\n\t\t<\/div>\n\t\t\t\t\t<\/div>\n\t\t<\/section>\n\t\t\t\t\t<\/div>\n\t\t<\/div>\n\t\t\t\t\t<\/div>\n\t\t<\/section>\n\t\t\t\t<\/div>","protected":false},"excerpt":{"rendered":"<p>Over 50 Years of Putting Women at the Center SHIFTING POWER TO WOMEN AND GIRLS\u00a0 50 years ago, PSI seeded funding from a mail-order condom enterprise. Since then, you\u2019ve helped us expand reproductive choice and contraceptive options that are quality-assured, accessible and responsive to need. Together, we\u2019ve opened the door to sexual and reproductive health [&hellip;]<\/p>\n","protected":false},"author":89,"featured_media":0,"parent":0,"menu_order":0,"comment_status":"closed","ping_status":"closed","template":"elementor_header_footer","meta":{"footnotes":""},"class_list":["post-39998","page","type-page","status-publish","hentry"],"aioseo_notices":[],"_links":{"self":[{"href":"https:\/\/www.psi.org\/fr\/wp-json\/wp\/v2\/pages\/39998","targetHints":{"allow":["GET"]}}],"collection":[{"href":"https:\/\/www.psi.org\/fr\/wp-json\/wp\/v2\/pages"}],"about":[{"href":"https:\/\/www.psi.org\/fr\/wp-json\/wp\/v2\/types\/page"}],"author":[{"embeddable":true,"href":"https:\/\/www.psi.org\/fr\/wp-json\/wp\/v2\/users\/89"}],"replies":[{"embeddable":true,"href":"https:\/\/www.psi.org\/fr\/wp-json\/wp\/v2\/comments?post=39998"}],"version-history":[{"count":0,"href":"https:\/\/www.psi.org\/fr\/wp-json\/wp\/v2\/pages\/39998\/revisions"}],"wp:attachment":[{"href":"https:\/\/www.psi.org\/fr\/wp-json\/wp\/v2\/media?parent=39998"}],"curies":[{"name":"wp","href":"https:\/\/api.w.org\/{rel}","templated":true}]}}