{"id":5722,"date":"2016-09-26T16:11:22","date_gmt":"2016-09-26T16:11:22","guid":{"rendered":"https:\/\/psi2030.wpengine.com\/?page_id=5722"},"modified":"2024-11-22T16:24:07","modified_gmt":"2024-11-22T21:24:07","slug":"stock","status":"publish","type":"page","link":"https:\/\/www.psi.org\/fr\/donate\/stock\/","title":{"rendered":"Gifts of Stock &#038; Mutual Funds"},"content":{"rendered":"<div data-elementor-type=\"wp-page\" data-elementor-id=\"5722\" class=\"elementor elementor-5722\" data-elementor-post-type=\"page\">\n\t\t\t\t<div class=\"elementor-element elementor-element-9b2ec5f e-con-full e-ecs-flex e-flex e-con e-parent\" data-id=\"9b2ec5f\" data-element_type=\"container\" data-e-type=\"container\" data-settings=\"{&quot;ecs_container_type&quot;:&quot;flex&quot;}\">\n\t\t\t\t<div class=\"elementor-element elementor-element-84e7fd5 elementor-widget elementor-widget-heading\" data-id=\"84e7fd5\" data-element_type=\"widget\" data-e-type=\"widget\" data-widget_type=\"heading.default\">\n\t\t\t\t<div class=\"elementor-widget-container\">\n\t\t\t\t\t<h2 class=\"elementor-heading-title elementor-size-default\">Dons d'actions et de fonds communs de placement<\/h2>\t\t\t\t<\/div>\n\t\t\t\t<\/div>\n\t\t\t\t<div class=\"elementor-element elementor-element-b54dd43 elementor-widget elementor-widget-text-editor\" data-id=\"b54dd43\" data-element_type=\"widget\" data-e-type=\"widget\" data-widget_type=\"text-editor.default\">\n\t\t\t\t<div class=\"elementor-widget-container\">\n\t\t\t\t\t\t\t\t\t<p>Si vous poss\u00e9dez des actions ou des fonds communs de placement, il peut \u00eatre plus avantageux sur le plan fiscal de faire don de ces actions que d'argent. En effet, le don d'actions ou de fonds communs de placement ayant pris de la valeur offre g\u00e9n\u00e9ralement un double avantage fiscal :<\/p>\n<ul>\n<li>Tout d'abord, vous \u00e9vitez de payer l'imp\u00f4t sur les plus-values sur l'augmentation de la valeur des actions ou des fonds communs de placement.<\/li>\n<li>Deuxi\u00e8mement, vous b\u00e9n\u00e9ficiez d'une d\u00e9duction de l'imp\u00f4t f\u00e9d\u00e9ral sur le revenu pour la totalit\u00e9 de la juste valeur marchande des actions ou des fonds communs de placement au moment de la donation*.<\/li>\n<\/ul>\n<p><strong><br><\/strong><\/p><p><strong>Il est facile de faire un don d'actions ou de fonds communs de placement \u00e0 l'ISP.<\/strong>.<\/p>\n<p>Nos partenaires de FreeWill ont facilit\u00e9 la d\u00e9signation en toute s\u00e9curit\u00e9 d'un don d'actions ou de fonds communs de placement \u00e0 l'ISP. <a href=\"https:\/\/www.freewill.com\/stocks\/psi?utm_source=partner&amp;utm_medium=donatepage&amp;utm_campaign=202007_psi_web_stocks\" target=\"_blank\" rel=\"noopener noreferrer\">En savoir plus.<\/a><\/p>\n<p><em>Si vous travaillez avec un courtier personnel :<\/em><\/p>\n<ul>\n<li>Pour transf\u00e9rer des titres \u00e0 l'ISP par voie \u00e9lectronique, c'est-\u00e0-dire par l'interm\u00e9diaire de la Depository Trust Company (DTC), fournissez les instructions de transfert de la DTC \u00e0 votre courtier. Les titres seront transf\u00e9r\u00e9s directement sur le compte de l'ISP aupr\u00e8s de sa banque d\u00e9positaire.\n<ul>\n<li>Compl\u00e9ter <a href=\"https:\/\/media.psi.org\/wp-content\/uploads\/2020\/05\/31002003\/PSI_Stock_Gifts_Form_2020.pdf\" target=\"_blank\" rel=\"noopener noreferrer\">le pr\u00e9sent formulaire de transfert<\/a> et transmettez-le \u00e0 votre conseiller financier.<\/li>\n<li>Instructions de transfert DTC :<\/li>\n<\/ul>\n<p style=\"padding-left: 90px;\">DTC #0221<br>FBO : Population Services International<br>Num\u00e9ro de compte : WS89925<br>Nom de l'institution : UBS<br>Num\u00e9ro d'identification fiscale de l'ISP : 56-0942853<\/p>\n<ul>\n<li>Pour que l'ISP puisse cr\u00e9diter correctement le don, il est important que le courtier mentionne votre nom dans les instructions de transfert DTC.<\/li>\n<\/ul>\n<\/li>\n<li>Informez le d\u00e9partement Global Fundraising de l'ISP de votre don, car les informations relatives aux donateurs ne sont pas toujours transmises par le syst\u00e8me de c\u00e2blage DTC. Envoyez par t\u00e9l\u00e9copie le formulaire <a href=\"https:\/\/media.psi.org\/wp-content\/uploads\/2020\/05\/31002003\/PSI_Stock_Gifts_Form_2020.pdf\" target=\"_blank\" rel=\"noopener noreferrer\">formulaire de transfert<\/a> \u00e0 <span class=\"ui-provider ed bkb bgr bvy bvz bwa bwb bwc bwd bwe bwf bwg bwh bwi bwj bwk bwl bwm bwn bwo bwp bwq bwr bws bwt bwu bwv bww bwx bwy bwz bxa bxb bxc bxd\" dir=\"ltr\">Audrey Duckett<\/span>: <span class=\"ui-provider ed bkb bgr bvy bvz bwa bwb bwc bwd bwe bwf bwg bwh bwi bwj bwk bwl bwm bwn bwo bwp bwq bwr bws bwt bwu bwv bww bwx bwy bwz bxa bxb bxc bxd\" dir=\"ltr\">202-270-4510<\/span> ou par courriel <a href=\"mailto:donations@psi.org\" target=\"_blank\" rel=\"noopener noreferrer\">donations@psi.org<\/a>.<\/li>\n<\/ul>\n<p><strong><br><\/strong><\/p><p><strong>QUESTIONS ?<\/strong> Contact <span class=\"ui-provider ed bkb bgr bvy bvz bwa bwb bwc bwd bwe bwf bwg bwh bwi bwj bwk bwl bwm bwn bwo bwp bwq bwr bws bwt bwu bwv bww bwx bwy bwz bxa bxb bxc bxd\" dir=\"ltr\">Audrey Duckett<\/span> \u00e0 <span class=\"ui-provider ed bkb bgr bvy bvz bwa bwb bwc bwd bwe bwf bwg bwh bwi bwj bwk bwl bwm bwn bwo bwp bwq bwr bws bwt bwu bwv bww bwx bwy bwz bxa bxb bxc bxd\" dir=\"ltr\">202-270-4510<\/span> ou par courrier \u00e9lectronique \u00e0 l'adresse suivante <a href=\"mailto:donations@psi.org\" target=\"_blank\" rel=\"noopener noreferrer\">donations@psi.org.<\/a><\/p>\n<ol>\n<li><em>* Veuillez noter que ces informations ne doivent pas \u00eatre consid\u00e9r\u00e9es comme des conseils juridiques ou fiscaux. Veuillez contacter votre comptable, votre avocat ou votre conseiller fiscal pour obtenir de l'aide concernant les dons d'actions ou de fonds communs de placement que vous envisagez de faire \u00e0 l'ISP.<\/em><\/li>\n<\/ol>\t\t\t\t\t\t\t\t<\/div>\n\t\t\t\t<\/div>\n\t\t\t\t<\/div>\n\t\t\t\t<\/div>","protected":false},"excerpt":{"rendered":"<p>Gifts of Stock &amp; Mutual Funds If you own stock or mutual funds, it may be more tax-wise to contribute these shares than cash. This is because a gift of appreciated stock or mutual funds generally provides you a two-fold tax advantage: First, you avoid paying capital gains tax on the increase in the value [&hellip;]<\/p>\n","protected":false},"author":89,"featured_media":0,"parent":16118,"menu_order":0,"comment_status":"closed","ping_status":"closed","template":"elementor_header_footer","meta":{"footnotes":""},"class_list":["post-5722","page","type-page","status-publish","hentry"],"aioseo_notices":[],"_links":{"self":[{"href":"https:\/\/www.psi.org\/fr\/wp-json\/wp\/v2\/pages\/5722","targetHints":{"allow":["GET"]}}],"collection":[{"href":"https:\/\/www.psi.org\/fr\/wp-json\/wp\/v2\/pages"}],"about":[{"href":"https:\/\/www.psi.org\/fr\/wp-json\/wp\/v2\/types\/page"}],"author":[{"embeddable":true,"href":"https:\/\/www.psi.org\/fr\/wp-json\/wp\/v2\/users\/89"}],"replies":[{"embeddable":true,"href":"https:\/\/www.psi.org\/fr\/wp-json\/wp\/v2\/comments?post=5722"}],"version-history":[{"count":0,"href":"https:\/\/www.psi.org\/fr\/wp-json\/wp\/v2\/pages\/5722\/revisions"}],"up":[{"embeddable":true,"href":"https:\/\/www.psi.org\/fr\/wp-json\/wp\/v2\/pages\/16118"}],"wp:attachment":[{"href":"https:\/\/www.psi.org\/fr\/wp-json\/wp\/v2\/media?parent=5722"}],"curies":[{"name":"wp","href":"https:\/\/api.w.org\/{rel}","templated":true}]}}