{"id":765,"date":"2014-09-25T19:42:52","date_gmt":"2014-09-25T19:42:52","guid":{"rendered":"https:\/\/psi2030.wpengine.com\/?page_id=765"},"modified":"2021-07-19T19:35:13","modified_gmt":"2021-07-19T19:35:13","slug":"at-a-glance","status":"publish","type":"page","link":"https:\/\/www.psi.org\/fr\/about\/at-a-glance\/","title":{"rendered":"PSI at a Glance"},"content":{"rendered":"<div data-elementor-type=\"wp-page\" data-elementor-id=\"765\" class=\"elementor elementor-765\" data-elementor-post-type=\"page\">\n\t\t\t\t\t\t<section class=\"elementor-section elementor-top-section elementor-element elementor-element-728e782 elementor-section-boxed elementor-section-height-default elementor-section-height-default\" data-id=\"728e782\" data-element_type=\"section\" data-e-type=\"section\">\n\t\t\t\t\t\t<div class=\"elementor-container elementor-column-gap-default\">\n\t\t\t\t\t<div class=\"elementor-column elementor-col-100 elementor-top-column elementor-element elementor-element-2232683\" data-id=\"2232683\" data-element_type=\"column\" data-e-type=\"column\">\n\t\t\t<div class=\"elementor-widget-wrap elementor-element-populated\">\n\t\t\t\t\t\t<div class=\"elementor-element elementor-element-83bd315 elementor-widget elementor-widget-spacer\" data-id=\"83bd315\" data-element_type=\"widget\" data-e-type=\"widget\" data-widget_type=\"spacer.default\">\n\t\t\t\t<div class=\"elementor-widget-container\">\n\t\t\t\t\t\t\t<div class=\"elementor-spacer\">\n\t\t\t<div class=\"elementor-spacer-inner\"><\/div>\n\t\t<\/div>\n\t\t\t\t\t\t<\/div>\n\t\t\t\t<\/div>\n\t\t\t\t\t<\/div>\n\t\t<\/div>\n\t\t\t\t\t<\/div>\n\t\t<\/section>\n\t\t\t\t<section class=\"elementor-section elementor-top-section elementor-element elementor-element-3cb83fb elementor-section-full_width elementor-section-height-default elementor-section-height-default\" data-id=\"3cb83fb\" data-element_type=\"section\" data-e-type=\"section\">\n\t\t\t\t\t\t<div class=\"elementor-container elementor-column-gap-default\">\n\t\t\t\t\t<div class=\"elementor-column elementor-col-100 elementor-top-column elementor-element elementor-element-894f625\" data-id=\"894f625\" data-element_type=\"column\" data-e-type=\"column\">\n\t\t\t<div class=\"elementor-widget-wrap elementor-element-populated\">\n\t\t\t\t\t\t<div class=\"elementor-element elementor-element-2fd1b1f elementor-widget elementor-widget-heading\" data-id=\"2fd1b1f\" data-element_type=\"widget\" data-e-type=\"widget\" data-widget_type=\"heading.default\">\n\t\t\t\t<div class=\"elementor-widget-container\">\n\t\t\t\t\t<h2 class=\"elementor-heading-title elementor-size-default\">PSI at a Glance<\/h2>\t\t\t\t<\/div>\n\t\t\t\t<\/div>\n\t\t\t\t\t<\/div>\n\t\t<\/div>\n\t\t\t\t\t<\/div>\n\t\t<\/section>\n\t\t\t\t<section class=\"elementor-section elementor-top-section elementor-element elementor-element-87f2574 elementor-section-full_width elementor-section-height-default elementor-section-height-default\" data-id=\"87f2574\" data-element_type=\"section\" data-e-type=\"section\">\n\t\t\t\t\t\t<div class=\"elementor-container elementor-column-gap-default\">\n\t\t\t\t\t<div class=\"elementor-column elementor-col-100 elementor-top-column elementor-element elementor-element-52bb1ff\" data-id=\"52bb1ff\" data-element_type=\"column\" data-e-type=\"column\">\n\t\t\t<div class=\"elementor-widget-wrap elementor-element-populated\">\n\t\t\t\t\t\t<div class=\"elementor-element elementor-element-357a154b elementor-widget elementor-widget-text-editor\" data-id=\"357a154b\" data-element_type=\"widget\" data-e-type=\"widget\" data-widget_type=\"text-editor.default\">\n\t\t\t\t<div class=\"elementor-widget-container\">\n\t\t\t\t\t\t\t\t\t<p>Population Services International (PSI) is a global nonprofit organization focused on the encouragement of healthy behavior and affordability of health products.\u00a0 PSI was founded in 1970 to improve reproductive health using commercial marketing strategies and has expanded to work in over 50 countries in the areas of malaria, family planning, HIV, diarrhea, pneumonia and sanitation. PSI is headquartered in Washington, DC.<\/p><p>A hallmark of PSI is a commitment to the principle that health services and products are most effective when they are accompanied by robust communications and distribution efforts that help ensure wide acceptance and proper use.<\/p><p>PSI works in partnership with local governments, ministries of health and local organizations to create health solutions that are built to last.<\/p><h3>HISTORY<\/h3><p>PSI was founded in 1970 to improve reproductive health using commercial marketing strategies. For its first 15 years, PSI worked mostly in family planning (hence the name Population Services International). In 1985, it started promoting oral rehydration therapy. PSI\u2019s first HIV prevention project \u2014 which promoted abstinence, fidelity and condoms \u2014 began in 1988. PSI added malaria and safe water to its portfolio in the 1990s and tuberculosis in 2004.<\/p><h3>HEALTH IMPACT <\/h3><p>PSI has an uncompromising focus on measurable health impact and measures its effect on disease and death much like a for-profit measures its profits. In 2018, PSI saved the lives of 17,300 mothers, prevented 6.42 million unintended pregnancies, stopped 240,100 new HIV infections, and avoided 95,800 deaths due to diseases like malaria, diarrhea and pneumonia that most threaten young children.<\/p><h3>PROGRAM LOCATION<\/h3><p>World headquarters in Washington, D.C., programs in more than 50 countries, European office in Amsterdam.<\/p><h3>PEOPLE<\/h3><p>More than 6,000 staff work for PSI and its affiliates. PSI&#8217;s expatriate staff is about 1% of the overall workforce. Support services and advocacy are provided by staff in Washington, D.C., and Amsterdam, Netherlands.<\/p><h3>PSI&#8217;S\u00a0MISSION<\/h3><p>PSI makes it easier for people in the developing world to lead healthier lives and plan the families they desire.<\/p><h3>PSI&#8217;S VALUES<\/h3><ul><li><b>Measurement:\u00a0<\/b>Evidence, research, metrics and evaluation inform our choices. <\/li><li><strong>Pragmatism:\u00a0<\/strong>We strive for excellence, but useful and timely are better than perfect.<\/li><li><strong>Honesty:\u00a0<\/strong>We act with integrity, share what we achieve, and admit when we fail.<\/li><li><strong>Collaboration:\u00a0<\/strong>Active partnering drives impact.<\/li><li><strong>Trust:\u00a0<\/strong>We have confidence in our people to make good decisions.<\/li><li><strong>Commitment:\u00a0<\/strong>We build local capacity and programs that last.<\/li><\/ul><h3>PSI&#8217;S COMMITMENTS<\/h3><ul><li><strong>Gender Equality:<\/strong> L'ISP affirme que l'\u00e9galit\u00e9 des sexes est un droit humain universel et que sa r\u00e9alisation est essentielle \u00e0 la mission de l'ISP. <a href=\"https:\/\/media.psi.org\/wp-content\/uploads\/2019\/12\/31012703\/Gender-Equality-Policy-Final-2018.pdf\" target=\"_blank\" rel=\"noopener noreferrer\">Pour en savoir plus sur notre engagement en faveur de l'\u00e9galit\u00e9 entre les hommes et les femmes, cliquez ici.<\/a><\/li><li><strong>Diversity and Inclusion:<\/strong> PSI affirms its commitment to diversity and believes that when people feel respected and included they can be more honest, collaborative and successful. <a href=\"https:\/\/media.psi.org\/wp-content\/uploads\/2019\/12\/31012703\/Diversity-and-Inclusion.pdf\" target=\"_blank\" rel=\"noopener noreferrer\">Lisez ici notre engagement en faveur de la diversit\u00e9 et de l'inclusion.<\/a><\/li><li><strong>Zero tolerance for discrimination and harassment:<\/strong> PSI is committed to establishing and maintaining a work environment that fosters harmonious, productive working relationships and encourages mutual respect among team members. <a href=\"https:\/\/media.psi.org\/wp-content\/uploads\/2019\/12\/31012704\/Discrimination-and-Harassment.pdf\" target=\"_blank\" rel=\"noopener noreferrer\">Read our policy against discrimination and harassment here.<\/a><\/li><li><strong>Affirmative Action and Equal Employment Opportunity:<\/strong> L'ISP ne discrimine aucun employ\u00e9 ou candidat \u00e0 l'emploi en raison de sa race, de sa couleur, de sa religion, de son sexe, de son orientation sexuelle, de son identit\u00e9 sexuelle, de son origine nationale, de son \u00e2ge, de sa situation matrimoniale, de ses informations g\u00e9n\u00e9tiques, de son handicap, de son statut de v\u00e9t\u00e9ran prot\u00e9g\u00e9 ou de toute autre classification prot\u00e9g\u00e9e par les lois f\u00e9d\u00e9rales, nationales ou locales en vigueur. <a href=\"https:\/\/media.psi.org\/wp-content\/uploads\/2019\/12\/31012705\/EEO-Statement.pdf\" target=\"_blank\" rel=\"noopener noreferrer\">Lisez ici l'int\u00e9gralit\u00e9 de notre politique d'action positive et d'\u00e9galit\u00e9 des chances en mati\u00e8re d'emploi.<\/a><\/li><li><strong>United Nations Global Compact:<\/strong> Depuis 2017, l'ISP est signataire du Pacte mondial des Nations unies, un engagement \u00e0 aligner les strat\u00e9gies et les op\u00e9rations sur les principes universels des droits de l'homme, du travail, de l'environnement et de la lutte contre la corruption. <a href=\"https:\/\/www.unglobalcompact.org\/what-is-gc\/participants\/124671-Population-Services-International#company-information\" target=\"_blank\" rel=\"noopener noreferrer\">Pour en savoir plus sur l'engagement de l'ISP envers le Pacte mondial des Nations Unies, cliquez ici.<\/a><\/li><li><strong>Zero tolerance for modern-day slavery and human trafficking:<\/strong> L'ISP veille \u00e0 ce que ses activit\u00e9s et ses cha\u00eenes d'approvisionnement soient exemptes d'esclavage et de traite des \u00eatres humains. <a href=\"https:\/\/www.psi.org\/fr\/population-services-internationals-statement-on-modern-slavery-and-human-trafficking\/\" target=\"_blank\" rel=\"noopener noreferrer\">Pour en savoir plus sur cet engagement, consultez notre d\u00e9claration de politique g\u00e9n\u00e9rale, approuv\u00e9e par le Conseil d'administration de l'ISP.<\/a><\/li><li><strong>Engagement significatif des jeunes<\/strong>: PSI is firmly committed to the meaningful engagement of young people in our work. As signatories of the <a href=\"https:\/\/www.who.int\/pmnch\/mye-statement.pdf\">D\u00e9claration de consensus mondial sur l'engagement significatif des adolescents et des jeunes<\/a>, PSI affirms that young people have a fundamental right to actively and meaningfully engage in all matters that affect their lives. PSI&#8217;s commitments aim to serve and partner with diverse young people from 10-24 years, and we have prioritized ethics and integrity in our approach. Read more about commits to the three core principles of respect, justice and do no harm in the <a href=\"https:\/\/www.psi.org\/fr\/news\/the-commitment-to-ethics-in-youth-powered-design\/\">L'engagement \u00e9thique dans la conception de produits pour les jeunes<\/a>. Pour en savoir plus sur la mani\u00e8re dont nous traduisons nos paroles en actes, lisez notre engagement dans le cadre de la CIPD+25, <a href=\"https:\/\/www.psi.org\/fr\/2019\/11\/elevating-youth-voices-building-youth-skills-for-health-design\/\">Faire entendre la voix des jeunes, d\u00e9velopper leurs comp\u00e9tences\u00a0<\/a><a href=\"https:\/\/www.psi.org\/fr\/2019\/11\/elevating-youth-voices-building-youth-skills-for-health-design\/\"> pour la conception de la sant\u00e9<\/a>.<\/li><\/ul><h3>REVENUE<\/h3><p>$542,349,734 million (2018)<\/p><h3>DONORS <\/h3><p>Major donors include the governments of the United States, United Kingdom, Germany and the Netherlands; the Global Fund to Fight AIDS, Tuberculosis and Malaria; United Nations agencies; private foundations; corporations and individuals.<\/p><h3>DONATIONS <\/h3><p>Population Services International (PSI) is a 501(c)(3) registered nonprofit organization, which means your contributions are tax-deductible to the limits of applicable laws. PSI&#8217;s tax ID number is 56-0942853.<\/p>\t\t\t\t\t\t\t\t<\/div>\n\t\t\t\t<\/div>\n\t\t\t\t\t<\/div>\n\t\t<\/div>\n\t\t\t\t\t<\/div>\n\t\t<\/section>\n\t\t\t\t<\/div>","protected":false},"excerpt":{"rendered":"<p>PSI at a Glance Population Services International (PSI) is a global nonprofit organization focused on the encouragement of healthy behavior and affordability of health products.\u00a0 PSI was founded in 1970 to improve reproductive health using commercial marketing strategies and has expanded to work in over 50 countries in the areas of malaria, family planning, HIV, [&hellip;]<\/p>\n","protected":false},"author":89,"featured_media":0,"parent":29,"menu_order":0,"comment_status":"closed","ping_status":"closed","template":"elementor_header_footer","meta":{"footnotes":""},"class_list":["post-765","page","type-page","status-publish","hentry"],"aioseo_notices":[],"_links":{"self":[{"href":"https:\/\/www.psi.org\/fr\/wp-json\/wp\/v2\/pages\/765","targetHints":{"allow":["GET"]}}],"collection":[{"href":"https:\/\/www.psi.org\/fr\/wp-json\/wp\/v2\/pages"}],"about":[{"href":"https:\/\/www.psi.org\/fr\/wp-json\/wp\/v2\/types\/page"}],"author":[{"embeddable":true,"href":"https:\/\/www.psi.org\/fr\/wp-json\/wp\/v2\/users\/89"}],"replies":[{"embeddable":true,"href":"https:\/\/www.psi.org\/fr\/wp-json\/wp\/v2\/comments?post=765"}],"version-history":[{"count":0,"href":"https:\/\/www.psi.org\/fr\/wp-json\/wp\/v2\/pages\/765\/revisions"}],"up":[{"embeddable":true,"href":"https:\/\/www.psi.org\/fr\/wp-json\/wp\/v2\/pages\/29"}],"wp:attachment":[{"href":"https:\/\/www.psi.org\/fr\/wp-json\/wp\/v2\/media?parent=765"}],"curies":[{"name":"wp","href":"https:\/\/api.w.org\/{rel}","templated":true}]}}