{"id":1352,"date":"2014-10-07T15:44:47","date_gmt":"2014-10-07T15:44:47","guid":{"rendered":"https:\/\/psi2030.wpengine.com\/?page_id=1352"},"modified":"2021-07-21T13:33:01","modified_gmt":"2021-07-21T13:33:01","slug":"dow","status":"publish","type":"page","link":"https:\/\/www.psi.org\/pt\/corporate-partnerships\/dow\/","title":{"rendered":"Dow"},"content":{"rendered":"<div data-elementor-type=\"wp-page\" data-elementor-id=\"1352\" class=\"elementor elementor-1352\" data-elementor-post-type=\"page\">\n\t\t\t\t\t\t<section class=\"elementor-section elementor-top-section elementor-element elementor-element-ec85056 elementor-section-full_width elementor-section-height-default elementor-section-height-default\" data-id=\"ec85056\" data-element_type=\"section\" data-e-type=\"section\">\n\t\t\t\t\t\t<div class=\"elementor-container elementor-column-gap-default\">\n\t\t\t\t\t<div class=\"elementor-column elementor-col-100 elementor-top-column elementor-element elementor-element-d0a987f\" data-id=\"d0a987f\" data-element_type=\"column\" data-e-type=\"column\">\n\t\t\t<div class=\"elementor-widget-wrap elementor-element-populated\">\n\t\t\t\t\t\t<div class=\"elementor-element elementor-element-d1ac1e9 elementor-widget elementor-widget-spacer\" data-id=\"d1ac1e9\" data-element_type=\"widget\" data-e-type=\"widget\" data-widget_type=\"spacer.default\">\n\t\t\t\t<div class=\"elementor-widget-container\">\n\t\t\t\t\t\t\t<div class=\"elementor-spacer\">\n\t\t\t<div class=\"elementor-spacer-inner\"><\/div>\n\t\t<\/div>\n\t\t\t\t\t\t<\/div>\n\t\t\t\t<\/div>\n\t\t\t\t\t<\/div>\n\t\t<\/div>\n\t\t\t\t\t<\/div>\n\t\t<\/section>\n\t\t\t\t<section class=\"elementor-section elementor-top-section elementor-element elementor-element-f105017 elementor-section-full_width elementor-section-height-default elementor-section-height-default\" data-id=\"f105017\" data-element_type=\"section\" data-e-type=\"section\">\n\t\t\t\t\t\t<div class=\"elementor-container elementor-column-gap-default\">\n\t\t\t\t\t<div class=\"elementor-column elementor-col-100 elementor-top-column elementor-element elementor-element-d5b4e72\" data-id=\"d5b4e72\" data-element_type=\"column\" data-e-type=\"column\">\n\t\t\t<div class=\"elementor-widget-wrap elementor-element-populated\">\n\t\t\t\t\t\t<div class=\"elementor-element elementor-element-a24a43e elementor-widget elementor-widget-heading\" data-id=\"a24a43e\" data-element_type=\"widget\" data-e-type=\"widget\" data-widget_type=\"heading.default\">\n\t\t\t\t<div class=\"elementor-widget-container\">\n\t\t\t\t\t<h2 class=\"elementor-heading-title elementor-size-default\">Dow<\/h2>\t\t\t\t<\/div>\n\t\t\t\t<\/div>\n\t\t\t\t\t<\/div>\n\t\t<\/div>\n\t\t\t\t\t<\/div>\n\t\t<\/section>\n\t\t\t\t<section class=\"elementor-section elementor-top-section elementor-element elementor-element-6b7baf53 elementor-section-full_width elementor-section-height-default elementor-section-height-default\" data-id=\"6b7baf53\" data-element_type=\"section\" data-e-type=\"section\">\n\t\t\t\t\t\t<div class=\"elementor-container elementor-column-gap-default\">\n\t\t\t\t\t<div class=\"elementor-column elementor-col-100 elementor-top-column elementor-element elementor-element-66522a57\" data-id=\"66522a57\" data-element_type=\"column\" data-e-type=\"column\">\n\t\t\t<div class=\"elementor-widget-wrap elementor-element-populated\">\n\t\t\t\t\t\t<div class=\"elementor-element elementor-element-13b83f6c elementor-widget elementor-widget-text-editor\" data-id=\"13b83f6c\" data-element_type=\"widget\" data-e-type=\"widget\" data-widget_type=\"text-editor.default\">\n\t\t\t\t<div class=\"elementor-widget-container\">\n\t\t\t\t\t\t\t\t\t<h3><img decoding=\"async\" class=\"alignnone wp-image-1578 size-full\" src=\"https:\/\/media.psi.org\/wp-content\/uploads\/2014\/10\/31023010\/Dow-logo.jpg\" alt=\"Dow logo\" width=\"221\" height=\"85\" srcset=\"https:\/\/media.psi.org\/wp-content\/uploads\/2014\/10\/31023010\/Dow-logo.jpg 221w, https:\/\/media.psi.org\/wp-content\/uploads\/2014\/10\/31023010\/Dow-logo-120x46.jpg 120w\" sizes=\"(max-width: 221px) 100vw, 221px\" \/><\/h3>\n<h3>Solu\u00e7\u00f5es de saneamento urbano<\/h3>\n<div>&nbsp;<\/div>\n<p>A PSI e a Dow trabalharam em conjunto para apoiar modelos de saneamento urbano na Eti\u00f3pia. Especificamente, uma equipa de talentosos funcion\u00e1rios da Dow prestou apoio pro-bono atrav\u00e9s dos programas Dow Sustainability Corp \/ Leadership in Action da empresa, emprestando a sua experi\u00eancia em modela\u00e7\u00e3o de neg\u00f3cios e design de produtos para ajudar a PSI a criar uma franquia vi\u00e1vel para sanit\u00e1rios pagos. Juntos, tamb\u00e9m explor\u00e1mos oportunidades de rendimento para a recolha, tratamento e reutiliza\u00e7\u00e3o de res\u00edduos l\u00edquidos. Com a orienta\u00e7\u00e3o da Dow, a PSI investigou a economia do saneamento em \u00e1reas urbanas e o mercado potencial para subprodutos de res\u00edduos, como fertilizantes. Atrav\u00e9s da colabora\u00e7\u00e3o, a PSI e a Dow trabalharam para identificar o caminho a seguir para ajudar a resolver alguns dos desafios do saneamento urbano na Eti\u00f3pia. <br><\/p>\n<p><a href=\"http:\/\/www.dow.com\/\">Visitar o s\u00edtio Web da Dow<\/a><\/p>\t\t\t\t\t\t\t\t<\/div>\n\t\t\t\t<\/div>\n\t\t\t\t\t<\/div>\n\t\t<\/div>\n\t\t\t\t\t<\/div>\n\t\t<\/section>\n\t\t\t\t<\/div>","protected":false},"excerpt":{"rendered":"<p>Dow Urban Sanitation Solutions &nbsp; PSI and Dow worked together to support urban sanitation models for Ethiopia. Specifically, a team of talented Dow employees provided pro-bono support through the company\u2019s Dow Sustainability Corp \/ Leadership in Action programs, by lending their expertise in business modeling and product design to assist PSI in creating a viable [&hellip;]<\/p>\n","protected":false},"author":89,"featured_media":0,"parent":241,"menu_order":0,"comment_status":"closed","ping_status":"closed","template":"elementor_header_footer","meta":{"footnotes":""},"class_list":["post-1352","page","type-page","status-publish","hentry"],"aioseo_notices":[],"_links":{"self":[{"href":"https:\/\/www.psi.org\/pt\/wp-json\/wp\/v2\/pages\/1352","targetHints":{"allow":["GET"]}}],"collection":[{"href":"https:\/\/www.psi.org\/pt\/wp-json\/wp\/v2\/pages"}],"about":[{"href":"https:\/\/www.psi.org\/pt\/wp-json\/wp\/v2\/types\/page"}],"author":[{"embeddable":true,"href":"https:\/\/www.psi.org\/pt\/wp-json\/wp\/v2\/users\/89"}],"replies":[{"embeddable":true,"href":"https:\/\/www.psi.org\/pt\/wp-json\/wp\/v2\/comments?post=1352"}],"version-history":[{"count":0,"href":"https:\/\/www.psi.org\/pt\/wp-json\/wp\/v2\/pages\/1352\/revisions"}],"up":[{"embeddable":true,"href":"https:\/\/www.psi.org\/pt\/wp-json\/wp\/v2\/pages\/241"}],"wp:attachment":[{"href":"https:\/\/www.psi.org\/pt\/wp-json\/wp\/v2\/media?parent=1352"}],"curies":[{"name":"wp","href":"https:\/\/api.w.org\/{rel}","templated":true}]}}