{"id":1529,"date":"2014-10-07T23:19:35","date_gmt":"2014-10-07T23:19:35","guid":{"rendered":"https:\/\/psi2030.wpengine.com\/?page_id=1529"},"modified":"2021-07-19T21:34:38","modified_gmt":"2021-07-19T21:34:38","slug":"the-centers-for-disease-control-and-prevention-cdc","status":"publish","type":"page","link":"https:\/\/www.psi.org\/pt\/key-development-partners\/the-centers-for-disease-control-and-prevention-cdc\/","title":{"rendered":"Os Centros de Controlo e Preven\u00e7\u00e3o de Doen\u00e7as (CDC)"},"content":{"rendered":"<div data-elementor-type=\"wp-page\" data-elementor-id=\"1529\" class=\"elementor elementor-1529\" data-elementor-post-type=\"page\">\n\t\t\t\t\t\t<section class=\"elementor-section elementor-top-section elementor-element elementor-element-dddad8f elementor-section-boxed elementor-section-height-default elementor-section-height-default\" data-id=\"dddad8f\" data-element_type=\"section\" data-e-type=\"section\">\n\t\t\t\t\t\t<div class=\"elementor-container elementor-column-gap-default\">\n\t\t\t\t\t<div class=\"elementor-column elementor-col-100 elementor-top-column elementor-element elementor-element-42dd5c9\" data-id=\"42dd5c9\" data-element_type=\"column\" data-e-type=\"column\">\n\t\t\t<div class=\"elementor-widget-wrap elementor-element-populated\">\n\t\t\t\t\t\t<div class=\"elementor-element elementor-element-e178f4b elementor-widget elementor-widget-spacer\" data-id=\"e178f4b\" data-element_type=\"widget\" data-e-type=\"widget\" data-widget_type=\"spacer.default\">\n\t\t\t\t<div class=\"elementor-widget-container\">\n\t\t\t\t\t\t\t<div class=\"elementor-spacer\">\n\t\t\t<div class=\"elementor-spacer-inner\"><\/div>\n\t\t<\/div>\n\t\t\t\t\t\t<\/div>\n\t\t\t\t<\/div>\n\t\t\t\t\t<\/div>\n\t\t<\/div>\n\t\t\t\t\t<\/div>\n\t\t<\/section>\n\t\t\t\t<section class=\"elementor-section elementor-top-section elementor-element elementor-element-b750ee6 elementor-section-full_width elementor-section-height-default elementor-section-height-default\" data-id=\"b750ee6\" data-element_type=\"section\" data-e-type=\"section\">\n\t\t\t\t\t\t<div class=\"elementor-container elementor-column-gap-default\">\n\t\t\t\t\t<div class=\"elementor-column elementor-col-100 elementor-top-column elementor-element elementor-element-193417d\" data-id=\"193417d\" data-element_type=\"column\" data-e-type=\"column\">\n\t\t\t<div class=\"elementor-widget-wrap elementor-element-populated\">\n\t\t\t\t\t\t<div class=\"elementor-element elementor-element-5c60d65 elementor-widget elementor-widget-heading\" data-id=\"5c60d65\" data-element_type=\"widget\" data-e-type=\"widget\" data-widget_type=\"heading.default\">\n\t\t\t\t<div class=\"elementor-widget-container\">\n\t\t\t\t\t<h2 class=\"elementor-heading-title elementor-size-default\">Os Centros de Controlo e Preven\u00e7\u00e3o de Doen\u00e7as (CDC)<\/h2>\t\t\t\t<\/div>\n\t\t\t\t<\/div>\n\t\t\t\t\t<\/div>\n\t\t<\/div>\n\t\t\t\t\t<\/div>\n\t\t<\/section>\n\t\t\t\t<section class=\"elementor-section elementor-top-section elementor-element elementor-element-2c662e23 elementor-section-full_width elementor-section-height-default elementor-section-height-default\" data-id=\"2c662e23\" data-element_type=\"section\" data-e-type=\"section\">\n\t\t\t\t\t\t<div class=\"elementor-container elementor-column-gap-default\">\n\t\t\t\t\t<div class=\"elementor-column elementor-col-100 elementor-top-column elementor-element elementor-element-15356b02\" data-id=\"15356b02\" data-element_type=\"column\" data-e-type=\"column\">\n\t\t\t<div class=\"elementor-widget-wrap elementor-element-populated\">\n\t\t\t\t\t\t<div class=\"elementor-element elementor-element-12881858 elementor-widget elementor-widget-text-editor\" data-id=\"12881858\" data-element_type=\"widget\" data-e-type=\"widget\" data-widget_type=\"text-editor.default\">\n\t\t\t\t<div class=\"elementor-widget-container\">\n\t\t\t\t\t\t\t\t\t<a href=\"https:\/\/media.psi.org\/wp-content\/uploads\/2014\/10\/31023012\/CDC1.jpeg\"><img decoding=\"async\" width=\"195\" height=\"145\" class=\"alignright size-full wp-image-1533\" src=\"https:\/\/media.psi.org\/wp-content\/uploads\/2014\/10\/31023012\/CDC1.jpeg\" alt=\"Centers for Disease Control and Prevention logo\" srcset=\"https:\/\/media.psi.org\/wp-content\/uploads\/2014\/10\/31023012\/CDC1.jpeg 195w, https:\/\/media.psi.org\/wp-content\/uploads\/2014\/10\/31023012\/CDC1-120x89.jpeg 120w\" sizes=\"(max-width: 195px) 100vw, 195px\" \/><\/a>\n\nO <strong><a href=\"https:\/\/www.cdc.gov\/\">Centers for Disease Control and Prevention (CDC)<\/a> <\/strong>is one of the major operating components of the United States Department of Health and Human Services. The CDC manages nearly US$2 billion in United States Government financial investments to protect public health and safety through the control and prevention of disease, injury and disability in the U.S. and internationally. Specific funding priorities for the CDC include HIV\/AIDS, vaccines and immunizations, malaria, neglected tropical diseases, global public health capacity development, and global security from pandemic threats.\t\t\t\t\t\t\t\t<\/div>\n\t\t\t\t<\/div>\n\t\t\t\t\t<\/div>\n\t\t<\/div>\n\t\t\t\t\t<\/div>\n\t\t<\/section>\n\t\t\t\t<\/div>","protected":false},"excerpt":{"rendered":"<p>The Centers for Disease Control and Prevention (CDC) The Centers for Disease Control and Prevention (CDC) is one of the major operating components of the United States Department of Health and Human Services. The CDC manages nearly US$2 billion in United States Government financial investments to protect public health and safety through the control and [&hellip;]<\/p>\n","protected":false},"author":89,"featured_media":0,"parent":243,"menu_order":0,"comment_status":"closed","ping_status":"closed","template":"elementor_header_footer","meta":{"footnotes":""},"class_list":["post-1529","page","type-page","status-publish","hentry"],"aioseo_notices":[],"_links":{"self":[{"href":"https:\/\/www.psi.org\/pt\/wp-json\/wp\/v2\/pages\/1529","targetHints":{"allow":["GET"]}}],"collection":[{"href":"https:\/\/www.psi.org\/pt\/wp-json\/wp\/v2\/pages"}],"about":[{"href":"https:\/\/www.psi.org\/pt\/wp-json\/wp\/v2\/types\/page"}],"author":[{"embeddable":true,"href":"https:\/\/www.psi.org\/pt\/wp-json\/wp\/v2\/users\/89"}],"replies":[{"embeddable":true,"href":"https:\/\/www.psi.org\/pt\/wp-json\/wp\/v2\/comments?post=1529"}],"version-history":[{"count":0,"href":"https:\/\/www.psi.org\/pt\/wp-json\/wp\/v2\/pages\/1529\/revisions"}],"up":[{"embeddable":true,"href":"https:\/\/www.psi.org\/pt\/wp-json\/wp\/v2\/pages\/243"}],"wp:attachment":[{"href":"https:\/\/www.psi.org\/pt\/wp-json\/wp\/v2\/media?parent=1529"}],"curies":[{"name":"wp","href":"https:\/\/api.w.org\/{rel}","templated":true}]}}