{"id":1543,"date":"2014-10-07T23:28:14","date_gmt":"2014-10-07T23:28:14","guid":{"rendered":"https:\/\/psi2030.wpengine.com\/?page_id=1543"},"modified":"2021-07-19T21:40:42","modified_gmt":"2021-07-19T21:40:42","slug":"the-united-nations-childrens-fund-unicef","status":"publish","type":"page","link":"https:\/\/www.psi.org\/pt\/partner-with-us-archived\/governments-and-foundations\/key-development-partners\/the-united-nations-childrens-fund-unicef\/","title":{"rendered":"Fundo das Na\u00e7\u00f5es Unidas para a Inf\u00e2ncia (UNICEF)"},"content":{"rendered":"<div data-elementor-type=\"wp-page\" data-elementor-id=\"1543\" class=\"elementor elementor-1543\" data-elementor-post-type=\"page\">\n\t\t\t\t\t\t<section class=\"elementor-section elementor-top-section elementor-element elementor-element-0e7ea5c elementor-section-boxed elementor-section-height-default elementor-section-height-default\" data-id=\"0e7ea5c\" data-element_type=\"section\" data-e-type=\"section\">\n\t\t\t\t\t\t<div class=\"elementor-container elementor-column-gap-default\">\n\t\t\t\t\t<div class=\"elementor-column elementor-col-100 elementor-top-column elementor-element elementor-element-1380ecf\" data-id=\"1380ecf\" data-element_type=\"column\" data-e-type=\"column\">\n\t\t\t<div class=\"elementor-widget-wrap elementor-element-populated\">\n\t\t\t\t\t\t<div class=\"elementor-element elementor-element-e31d587 elementor-widget elementor-widget-spacer\" data-id=\"e31d587\" data-element_type=\"widget\" data-e-type=\"widget\" data-widget_type=\"spacer.default\">\n\t\t\t\t<div class=\"elementor-widget-container\">\n\t\t\t\t\t\t\t<div class=\"elementor-spacer\">\n\t\t\t<div class=\"elementor-spacer-inner\"><\/div>\n\t\t<\/div>\n\t\t\t\t\t\t<\/div>\n\t\t\t\t<\/div>\n\t\t\t\t\t<\/div>\n\t\t<\/div>\n\t\t\t\t\t<\/div>\n\t\t<\/section>\n\t\t\t\t<section class=\"elementor-section elementor-top-section elementor-element elementor-element-db9e468 elementor-section-full_width elementor-section-height-default elementor-section-height-default\" data-id=\"db9e468\" data-element_type=\"section\" data-e-type=\"section\">\n\t\t\t\t\t\t<div class=\"elementor-container elementor-column-gap-default\">\n\t\t\t\t\t<div class=\"elementor-column elementor-col-100 elementor-top-column elementor-element elementor-element-c7cd826\" data-id=\"c7cd826\" data-element_type=\"column\" data-e-type=\"column\">\n\t\t\t<div class=\"elementor-widget-wrap elementor-element-populated\">\n\t\t\t\t\t\t<div class=\"elementor-element elementor-element-3a09252 elementor-widget elementor-widget-heading\" data-id=\"3a09252\" data-element_type=\"widget\" data-e-type=\"widget\" data-widget_type=\"heading.default\">\n\t\t\t\t<div class=\"elementor-widget-container\">\n\t\t\t\t\t<h2 class=\"elementor-heading-title elementor-size-default\">Fundo das Na\u00e7\u00f5es Unidas para a Inf\u00e2ncia (UNICEF)<\/h2>\t\t\t\t<\/div>\n\t\t\t\t<\/div>\n\t\t\t\t\t<\/div>\n\t\t<\/div>\n\t\t\t\t\t<\/div>\n\t\t<\/section>\n\t\t\t\t<section class=\"elementor-section elementor-top-section elementor-element elementor-element-308030fe elementor-section-full_width elementor-section-height-default elementor-section-height-default\" data-id=\"308030fe\" data-element_type=\"section\" data-e-type=\"section\">\n\t\t\t\t\t\t<div class=\"elementor-container elementor-column-gap-default\">\n\t\t\t\t\t<div class=\"elementor-column elementor-col-100 elementor-top-column elementor-element elementor-element-5d449df5\" data-id=\"5d449df5\" data-element_type=\"column\" data-e-type=\"column\">\n\t\t\t<div class=\"elementor-widget-wrap elementor-element-populated\">\n\t\t\t\t\t\t<div class=\"elementor-element elementor-element-595b0097 elementor-widget elementor-widget-text-editor\" data-id=\"595b0097\" data-element_type=\"widget\" data-e-type=\"widget\" data-widget_type=\"text-editor.default\">\n\t\t\t\t<div class=\"elementor-widget-container\">\n\t\t\t\t\t\t\t\t\t<p><a href=\"https:\/\/media.psi.org\/wp-content\/uploads\/2014\/10\/31023011\/UNICEF.jpeg\"><img decoding=\"async\" width=\"150\" height=\"150\" class=\"alignright size-thumbnail wp-image-1549\" src=\"https:\/\/media.psi.org\/wp-content\/uploads\/2014\/10\/31023011\/UNICEF-150x150.jpeg\" alt=\"UNICEF logo\"><\/a><\/p>\n<p>A member of the United Nations Development Group and Executive Committee, the <strong><a href=\"https:\/\/www.unicef.org\/\">Fundo das Na\u00e7\u00f5es Unidas para a Inf\u00e2ncia (UNICEF)<\/a><\/strong> provides development assistance and humanitarian aid to women and children in the developing world. UNICEF prioritizes funding for the most marginalized children and the most in need of assistance due to natural disasters, humanitarian emergencies, violent conflicts, and economic turbulence. Global health funding areas for UNICEF include HIV\/AIDS, immunizations, nutrition, maternal and newborn health, and water, sanitation and hygiene.<\/p><p><br><\/p>\t\t\t\t\t\t\t\t<\/div>\n\t\t\t\t<\/div>\n\t\t\t\t\t<\/div>\n\t\t<\/div>\n\t\t\t\t\t<\/div>\n\t\t<\/section>\n\t\t\t\t<\/div>","protected":false},"excerpt":{"rendered":"<p>The United Nations Children\u2019s Fund (UNICEF) A member of the United Nations Development Group and Executive Committee, the United Nations Children\u2019s Fund (UNICEF) provides development assistance and humanitarian aid to women and children in the developing world. UNICEF prioritizes funding for the most marginalized children and the most in need of assistance due to natural [&hellip;]<\/p>\n","protected":false},"author":89,"featured_media":0,"parent":243,"menu_order":0,"comment_status":"closed","ping_status":"closed","template":"elementor_header_footer","meta":{"footnotes":""},"class_list":["post-1543","page","type-page","status-publish","hentry"],"aioseo_notices":[],"_links":{"self":[{"href":"https:\/\/www.psi.org\/pt\/wp-json\/wp\/v2\/pages\/1543","targetHints":{"allow":["GET"]}}],"collection":[{"href":"https:\/\/www.psi.org\/pt\/wp-json\/wp\/v2\/pages"}],"about":[{"href":"https:\/\/www.psi.org\/pt\/wp-json\/wp\/v2\/types\/page"}],"author":[{"embeddable":true,"href":"https:\/\/www.psi.org\/pt\/wp-json\/wp\/v2\/users\/89"}],"replies":[{"embeddable":true,"href":"https:\/\/www.psi.org\/pt\/wp-json\/wp\/v2\/comments?post=1543"}],"version-history":[{"count":0,"href":"https:\/\/www.psi.org\/pt\/wp-json\/wp\/v2\/pages\/1543\/revisions"}],"up":[{"embeddable":true,"href":"https:\/\/www.psi.org\/pt\/wp-json\/wp\/v2\/pages\/243"}],"wp:attachment":[{"href":"https:\/\/www.psi.org\/pt\/wp-json\/wp\/v2\/media?parent=1543"}],"curies":[{"name":"wp","href":"https:\/\/api.w.org\/{rel}","templated":true}]}}