{"id":1554,"date":"2014-10-07T23:34:42","date_gmt":"2014-10-07T23:34:42","guid":{"rendered":"https:\/\/psi2030.wpengine.com\/?page_id=1554"},"modified":"2021-07-19T21:29:45","modified_gmt":"2021-07-19T21:29:45","slug":"ministry-of-foreign-affairs-of-the-netherlands","status":"publish","type":"page","link":"https:\/\/www.psi.org\/pt\/key-development-partners\/ministry-of-foreign-affairs-of-the-netherlands\/","title":{"rendered":"Minist\u00e9rio dos Neg\u00f3cios Estrangeiros dos Pa\u00edses Baixos"},"content":{"rendered":"<div data-elementor-type=\"wp-page\" data-elementor-id=\"1554\" class=\"elementor elementor-1554\" data-elementor-post-type=\"page\">\n\t\t\t\t\t\t<section class=\"elementor-section elementor-top-section elementor-element elementor-element-b8425be elementor-section-boxed elementor-section-height-default elementor-section-height-default\" data-id=\"b8425be\" data-element_type=\"section\" data-e-type=\"section\">\n\t\t\t\t\t\t<div class=\"elementor-container elementor-column-gap-default\">\n\t\t\t\t\t<div class=\"elementor-column elementor-col-100 elementor-top-column elementor-element elementor-element-9d8d09b\" data-id=\"9d8d09b\" data-element_type=\"column\" data-e-type=\"column\">\n\t\t\t<div class=\"elementor-widget-wrap elementor-element-populated\">\n\t\t\t\t\t\t<div class=\"elementor-element elementor-element-b7e3d30 elementor-widget elementor-widget-spacer\" data-id=\"b7e3d30\" data-element_type=\"widget\" data-e-type=\"widget\" data-widget_type=\"spacer.default\">\n\t\t\t\t<div class=\"elementor-widget-container\">\n\t\t\t\t\t\t\t<div class=\"elementor-spacer\">\n\t\t\t<div class=\"elementor-spacer-inner\"><\/div>\n\t\t<\/div>\n\t\t\t\t\t\t<\/div>\n\t\t\t\t<\/div>\n\t\t\t\t\t<\/div>\n\t\t<\/div>\n\t\t\t\t\t<\/div>\n\t\t<\/section>\n\t\t\t\t<section class=\"elementor-section elementor-top-section elementor-element elementor-element-dddf745 elementor-section-full_width elementor-section-height-default elementor-section-height-default\" data-id=\"dddf745\" data-element_type=\"section\" data-e-type=\"section\">\n\t\t\t\t\t\t<div class=\"elementor-container elementor-column-gap-default\">\n\t\t\t\t\t<div class=\"elementor-column elementor-col-100 elementor-top-column elementor-element elementor-element-3345d1a\" data-id=\"3345d1a\" data-element_type=\"column\" data-e-type=\"column\">\n\t\t\t<div class=\"elementor-widget-wrap elementor-element-populated\">\n\t\t\t\t\t\t<div class=\"elementor-element elementor-element-887b002 elementor-widget elementor-widget-heading\" data-id=\"887b002\" data-element_type=\"widget\" data-e-type=\"widget\" data-widget_type=\"heading.default\">\n\t\t\t\t<div class=\"elementor-widget-container\">\n\t\t\t\t\t<h2 class=\"elementor-heading-title elementor-size-default\">Minist\u00e9rio dos Neg\u00f3cios Estrangeiros dos Pa\u00edses Baixos<\/h2>\t\t\t\t<\/div>\n\t\t\t\t<\/div>\n\t\t\t\t\t<\/div>\n\t\t<\/div>\n\t\t\t\t\t<\/div>\n\t\t<\/section>\n\t\t\t\t<section class=\"elementor-section elementor-top-section elementor-element elementor-element-137cfbff elementor-section-full_width elementor-section-height-default elementor-section-height-default\" data-id=\"137cfbff\" data-element_type=\"section\" data-e-type=\"section\">\n\t\t\t\t\t\t<div class=\"elementor-container elementor-column-gap-default\">\n\t\t\t\t\t<div class=\"elementor-column elementor-col-100 elementor-top-column elementor-element elementor-element-44784e3b\" data-id=\"44784e3b\" data-element_type=\"column\" data-e-type=\"column\">\n\t\t\t<div class=\"elementor-widget-wrap elementor-element-populated\">\n\t\t\t\t\t\t<div class=\"elementor-element elementor-element-2c8e90c4 elementor-widget elementor-widget-text-editor\" data-id=\"2c8e90c4\" data-element_type=\"widget\" data-e-type=\"widget\" data-widget_type=\"text-editor.default\">\n\t\t\t\t<div class=\"elementor-widget-container\">\n\t\t\t\t\t\t\t\t\t<p><a href=\"https:\/\/media.psi.org\/wp-content\/uploads\/2014\/10\/31023010\/Minbuza.jpg\"><img decoding=\"async\" width=\"250\" height=\"95\" class=\"alignright size-medium wp-image-1555\" src=\"https:\/\/media.psi.org\/wp-content\/uploads\/2014\/10\/31023010\/Minbuza-250x95.jpg\" alt=\"Minbuza\" srcset=\"https:\/\/media.psi.org\/wp-content\/uploads\/2014\/10\/31023010\/Minbuza-250x95.jpg 250w, https:\/\/media.psi.org\/wp-content\/uploads\/2014\/10\/31023010\/Minbuza-700x268.jpg 700w, https:\/\/media.psi.org\/wp-content\/uploads\/2014\/10\/31023010\/Minbuza-120x45.jpg 120w, https:\/\/media.psi.org\/wp-content\/uploads\/2014\/10\/31023010\/Minbuza.jpg 775w\" sizes=\"(max-width: 250px) 100vw, 250px\" \/><\/a><\/p><p>O <a href=\"https:\/\/www.government.nl\/ministries\/ministry-of-foreign-affairs\" target=\"_blank\" rel=\"noopener noreferrer\">Minist\u00e9rio dos Neg\u00f3cios Estrangeiros dos Pa\u00edses Baixos<\/a> promotes the interests of the Kingdom abroad. The Ministry coordinates and carries out Dutch foreign policy at its headquarters in The Hague and through its missions abroad. It is the channel through which the Dutch Government communicates with foreign governments and international organizations. <\/p><p>As a country that looks beyond its borders, the Netherlands is committed to building a safe, stable and prosperous world, addressing issues such as poverty reduction, climate change, respect for human rights and the rule of law, and eliminating conflict. The Directorate-General for International Cooperation is responsible for development cooperation policy and for its coordination, implementation and funding. Priority themes for funding include: water; security and the rule of law; food security; and sexual and reproductive health and rights (including HIV\/AIDS).<\/p><p>The Dutch government currently focuses its assistance on 18 countries in Africa, Asia and the Middle East: Afghanistan, Bangladesh, Benin, Burundi, Colombia, Ethiopia, Ghana, Indonesia, Kenya, Mali, Mozambique, the Palestinian Territories, Rwanda, South Africa, South Sudan, Uganda, Vietnam, and Yemen. Funds are dispersed through multiple channels, including bilateral agreements, cooperation with international and national NGOs, and support to multinational organizations, including The Global Fund.<\/p>\t\t\t\t\t\t\t\t<\/div>\n\t\t\t\t<\/div>\n\t\t\t\t\t<\/div>\n\t\t<\/div>\n\t\t\t\t\t<\/div>\n\t\t<\/section>\n\t\t\t\t<\/div>","protected":false},"excerpt":{"rendered":"<p>Ministry of Foreign Affairs of the Netherlands The Ministry of Foreign Affairs of the Netherlands promotes the interests of the Kingdom abroad. The Ministry coordinates and carries out Dutch foreign policy at its headquarters in The Hague and through its missions abroad. It is the channel through which the Dutch Government communicates with foreign governments [&hellip;]<\/p>\n","protected":false},"author":89,"featured_media":0,"parent":243,"menu_order":0,"comment_status":"closed","ping_status":"closed","template":"elementor_header_footer","meta":{"footnotes":""},"class_list":["post-1554","page","type-page","status-publish","hentry"],"aioseo_notices":[],"_links":{"self":[{"href":"https:\/\/www.psi.org\/pt\/wp-json\/wp\/v2\/pages\/1554","targetHints":{"allow":["GET"]}}],"collection":[{"href":"https:\/\/www.psi.org\/pt\/wp-json\/wp\/v2\/pages"}],"about":[{"href":"https:\/\/www.psi.org\/pt\/wp-json\/wp\/v2\/types\/page"}],"author":[{"embeddable":true,"href":"https:\/\/www.psi.org\/pt\/wp-json\/wp\/v2\/users\/89"}],"replies":[{"embeddable":true,"href":"https:\/\/www.psi.org\/pt\/wp-json\/wp\/v2\/comments?post=1554"}],"version-history":[{"count":0,"href":"https:\/\/www.psi.org\/pt\/wp-json\/wp\/v2\/pages\/1554\/revisions"}],"up":[{"embeddable":true,"href":"https:\/\/www.psi.org\/pt\/wp-json\/wp\/v2\/pages\/243"}],"wp:attachment":[{"href":"https:\/\/www.psi.org\/pt\/wp-json\/wp\/v2\/media?parent=1554"}],"curies":[{"name":"wp","href":"https:\/\/api.w.org\/{rel}","templated":true}]}}