{"id":243,"date":"2014-09-16T16:37:12","date_gmt":"2014-09-16T16:37:12","guid":{"rendered":"https:\/\/psi2030.wpengine.com\/?page_id=243"},"modified":"2021-07-19T21:16:02","modified_gmt":"2021-07-19T21:16:02","slug":"key-development-partners","status":"publish","type":"page","link":"https:\/\/www.psi.org\/pt\/key-development-partners\/","title":{"rendered":"Principais parceiros de desenvolvimento"},"content":{"rendered":"<div data-elementor-type=\"wp-page\" data-elementor-id=\"243\" class=\"elementor elementor-243\" data-elementor-post-type=\"page\">\n\t\t\t\t\t\t<section class=\"elementor-section elementor-top-section elementor-element elementor-element-5a0508d elementor-section-full_width elementor-section-height-default elementor-section-height-default\" data-id=\"5a0508d\" data-element_type=\"section\" data-e-type=\"section\">\n\t\t\t\t\t\t<div class=\"elementor-container elementor-column-gap-default\">\n\t\t\t\t\t<div class=\"elementor-column elementor-col-100 elementor-top-column elementor-element elementor-element-ad413fb\" data-id=\"ad413fb\" data-element_type=\"column\" data-e-type=\"column\">\n\t\t\t<div class=\"elementor-widget-wrap elementor-element-populated\">\n\t\t\t\t\t\t<div class=\"elementor-element elementor-element-831d709 elementor-widget elementor-widget-image\" data-id=\"831d709\" data-element_type=\"widget\" data-e-type=\"widget\" data-widget_type=\"image.default\">\n\t\t\t\t<div class=\"elementor-widget-container\">\n\t\t\t\t\t\t\t\t\t\t\t\t\t\t\t<img decoding=\"async\" src=\"https:\/\/media.psi.org\/wp-content\/uploads\/2014\/09\/31022336\/key-development-partners-logos-on-tent.jpg\" title=\"key-development-partners-logos-on-tent\" alt=\"New Start HIV counseling &amp; testing tent\" loading=\"lazy\" \/>\t\t\t\t\t\t\t\t\t\t\t\t\t\t\t<\/div>\n\t\t\t\t<\/div>\n\t\t\t\t\t<\/div>\n\t\t<\/div>\n\t\t\t\t\t<\/div>\n\t\t<\/section>\n\t\t\t\t<section class=\"elementor-section elementor-top-section elementor-element elementor-element-d7261e8 elementor-section-full_width elementor-section-height-default elementor-section-height-default\" data-id=\"d7261e8\" data-element_type=\"section\" data-e-type=\"section\">\n\t\t\t\t\t\t<div class=\"elementor-container elementor-column-gap-default\">\n\t\t\t\t\t<div class=\"elementor-column elementor-col-100 elementor-top-column elementor-element elementor-element-28e91d4\" data-id=\"28e91d4\" data-element_type=\"column\" data-e-type=\"column\">\n\t\t\t<div class=\"elementor-widget-wrap elementor-element-populated\">\n\t\t\t\t\t\t<div class=\"elementor-element elementor-element-96d46b5 elementor-widget elementor-widget-heading\" data-id=\"96d46b5\" data-element_type=\"widget\" data-e-type=\"widget\" data-widget_type=\"heading.default\">\n\t\t\t\t<div class=\"elementor-widget-container\">\n\t\t\t\t\t<h2 class=\"elementor-heading-title elementor-size-default\">Principais parceiros de desenvolvimento<\/h2>\t\t\t\t<\/div>\n\t\t\t\t<\/div>\n\t\t\t\t\t<\/div>\n\t\t<\/div>\n\t\t\t\t\t<\/div>\n\t\t<\/section>\n\t\t\t\t<section class=\"elementor-section elementor-top-section elementor-element elementor-element-29304abc elementor-section-full_width elementor-section-height-default elementor-section-height-default\" data-id=\"29304abc\" data-element_type=\"section\" data-e-type=\"section\">\n\t\t\t\t\t\t<div class=\"elementor-container elementor-column-gap-default\">\n\t\t\t\t\t<div class=\"elementor-column elementor-col-100 elementor-top-column elementor-element elementor-element-2a793981\" data-id=\"2a793981\" data-element_type=\"column\" data-e-type=\"column\">\n\t\t\t<div class=\"elementor-widget-wrap elementor-element-populated\">\n\t\t\t\t\t\t<div class=\"elementor-element elementor-element-331c0839 elementor-widget elementor-widget-text-editor\" data-id=\"331c0839\" data-element_type=\"widget\" data-e-type=\"widget\" data-widget_type=\"text-editor.default\">\n\t\t\t\t<div class=\"elementor-widget-container\">\n\t\t\t\t\t\t\t\t\t<p>Segue-se uma lista de ag\u00eancias governamentais, organiza\u00e7\u00f5es internacionais e funda\u00e7\u00f5es que constituem os nossos principais parceiros de desenvolvimento:<\/p><hr \/><div class=\"page\" title=\"P\u00e1gina 6\"><table><tbody><tr><td><h2>\u00a0O Fundo Mundial de Luta contra a SIDA, a Tuberculose e a Mal\u00e1ria<a title=\"Fundo Mundial de Luta contra a Sida, a Tuberculose e a Mal\u00e1ria\" href=\"https:\/\/www.psi.org\/pt\/partnership\/key-development-partners\/the-global-fund-to-fight-aids-tb-and-malaria\/\"><img decoding=\"async\" class=\"alignright wp-image-338 size-medium\" src=\"https:\/\/media.psi.org\/wp-content\/uploads\/2014\/09\/31023122\/GlobalFundLogo-250x53.jpg\" alt=\"english\" width=\"250\" height=\"53\" srcset=\"https:\/\/media.psi.org\/wp-content\/uploads\/2014\/09\/31023122\/GlobalFundLogo-250x53.jpg 250w, https:\/\/media.psi.org\/wp-content\/uploads\/2014\/09\/31023122\/GlobalFundLogo-700x149.jpg 700w, https:\/\/media.psi.org\/wp-content\/uploads\/2014\/09\/31023122\/GlobalFundLogo-120x25.jpg 120w\" sizes=\"(max-width: 250px) 100vw, 250px\" \/><\/a><\/h2><p>O Fundo Mundial de Luta contra a SIDA, a Tuberculose e a Mal\u00e1ria (Fundo Mundial) \u00e9 uma organiza\u00e7\u00e3o de parceria concebida para acelerar o fim da SIDA, da tuberculose e da mal\u00e1ria como epidemias. <\/p><p><strong><a title=\"Fundo Mundial de Luta contra a Sida, a Tuberculose e a Mal\u00e1ria\" href=\"https:\/\/www.psi.org\/pt\/partnership\/key-development-partners\/the-global-fund-to-fight-aids-tb-and-malaria\/\">Ler mais<\/a><\/strong><\/p><\/td><\/tr><tr><td><h2>Ag\u00eancia dos Estados Unidos para o Desenvolvimento Internacional (USAID)<a href=\"https:\/\/media.psi.org\/wp-content\/uploads\/2018\/03\/31021024\/USAID-Logo-copy-copy.png\"><img decoding=\"async\" class=\"wp-image-11308 alignright\" src=\"https:\/\/media.psi.org\/wp-content\/uploads\/2018\/03\/31021024\/USAID-Logo-copy-copy-250x75.png\" alt=\"\" width=\"264\" height=\"79\" srcset=\"https:\/\/media.psi.org\/wp-content\/uploads\/2018\/03\/31021024\/USAID-Logo-copy-copy.png 250w, https:\/\/media.psi.org\/wp-content\/uploads\/2018\/03\/31021024\/USAID-Logo-copy-copy-120x36.png 120w, https:\/\/media.psi.org\/wp-content\/uploads\/2018\/03\/31021024\/USAID-Logo-copy-copy-175x53.png 175w\" sizes=\"(max-width: 264px) 100vw, 264px\" \/><\/a><\/h2><p>A Ag\u00eancia dos Estados Unidos para o Desenvolvimento Internacional (USAID) \u00e9 a principal ag\u00eancia governamental dos Estados Unidos respons\u00e1vel pela distribui\u00e7\u00e3o da ajuda externa. Os padr\u00f5es de financiamento da USAID reflectem os seus objectivos de facilitar o fim da pobreza extrema e promover sociedades resistentes e democr\u00e1ticas.<\/p><p><strong><a title=\"Ag\u00eancia dos Estados Unidos para o Desenvolvimento Internacional (USAID)\" href=\"https:\/\/www.psi.org\/pt\/partnership\/key-development-partners\/united-states-agency-for-international-development-usaid\/\">Ler mais\u00a0<\/a><\/strong><\/p><\/td><\/tr><tr><td><h2><a title=\"Departamento para o Desenvolvimento Internacional do Reino Unido\" href=\"https:\/\/media.psi.org\/wp-content\/uploads\/2014\/09\/31022040\/UK_Government_logos_2012.jpeg\"><img decoding=\"async\" class=\"alignright wp-image-8032 size-thumbnail\" src=\"https:\/\/media.psi.org\/wp-content\/uploads\/2014\/09\/31022040\/UK_Government_logos_2012-150x150.jpeg\" alt=\"DFID, United Kingdom, UKAID\" width=\"150\" height=\"150\" \/><\/a>Departamento para o Desenvolvimento Internacional do Reino Unido (DFID)<\/h2><p>O Departamento para o Desenvolvimento Internacional (DfID), tamb\u00e9m conhecido como UK Aid, lidera o trabalho do Reino Unido para acabar com a pobreza extrema, como parte do seu compromisso de apoiar os Objectivos de Desenvolvimento Sustent\u00e1vel (ODS) e em conformidade com a Estrat\u00e9gia de Ajuda do Governo do Reino Unido.<\/p><p><strong><a title=\"O Departamento para o Desenvolvimento Internacional (DFID)\" href=\"https:\/\/www.psi.org\/pt\/partnership\/key-development-partners\/the-department-for-international-development-dfid\/\">Ler mais<\/a><\/strong><\/p><\/td><\/tr><tr><td><h2><a title=\"A Funda\u00e7\u00e3o Bill e Melinda Gates\" href=\"https:\/\/www.psi.org\/pt\/partnership\/key-development-partners\/the-bill-and-melinda-gates-foundation\/\"><img loading=\"lazy\" decoding=\"async\" width=\"250\" height=\"51\" class=\"alignright size-medium wp-image-1503\" src=\"https:\/\/media.psi.org\/wp-content\/uploads\/2014\/10\/31023012\/Gates_Foundation-250x51.jpg\" alt=\"Gates Foundation\" srcset=\"https:\/\/media.psi.org\/wp-content\/uploads\/2014\/10\/31023012\/Gates_Foundation-250x51.jpg 250w, https:\/\/media.psi.org\/wp-content\/uploads\/2014\/10\/31023012\/Gates_Foundation-700x143.jpg 700w, https:\/\/media.psi.org\/wp-content\/uploads\/2014\/10\/31023012\/Gates_Foundation-120x24.jpg 120w, https:\/\/media.psi.org\/wp-content\/uploads\/2014\/10\/31023012\/Gates_Foundation.jpg 842w\" sizes=\"(max-width: 250px) 100vw, 250px\" \/><\/a>Funda\u00e7\u00e3o Bill e Melinda Gates<\/h2><p>Lan\u00e7ada em 2000 pelo cofundador da Microsoft, Bill Gates, e pela sua mulher, Melinda, a Funda\u00e7\u00e3o Bill e Melinda Gates trabalha nos seis continentes para aliviar a pobreza, salvar vidas no mundo em desenvolvimento, refor\u00e7ar os sistemas educativos e promover a elabora\u00e7\u00e3o de pol\u00edticas eficazes. A funda\u00e7\u00e3o cria parcerias que re\u00fanem recursos, conhecimentos e vis\u00e3o - trabalhando com as melhores organiza\u00e7\u00f5es de todo o mundo para identificar problemas, encontrar respostas e promover a mudan\u00e7a.<\/p><p><a title=\"A Funda\u00e7\u00e3o Bill e Melinda Gates\" href=\"https:\/\/www.psi.org\/pt\/partnership\/key-development-partners\/the-bill-and-melinda-gates-foundation\/\"><strong>Ler mais<\/strong><\/a><\/p><div class=\"page\" title=\"P\u00e1gina 6\">\u00a0<\/div><\/td><\/tr><tr><td><h2><a href=\"https:\/\/media.psi.org\/wp-content\/uploads\/2014\/10\/31023010\/Minbuza.jpg\"><img loading=\"lazy\" decoding=\"async\" width=\"250\" height=\"95\" class=\"alignright size-medium wp-image-1555\" src=\"https:\/\/media.psi.org\/wp-content\/uploads\/2014\/10\/31023010\/Minbuza-250x95.jpg\" alt=\"Minbuza\" srcset=\"https:\/\/media.psi.org\/wp-content\/uploads\/2014\/10\/31023010\/Minbuza-250x95.jpg 250w, https:\/\/media.psi.org\/wp-content\/uploads\/2014\/10\/31023010\/Minbuza-700x268.jpg 700w, https:\/\/media.psi.org\/wp-content\/uploads\/2014\/10\/31023010\/Minbuza-120x45.jpg 120w, https:\/\/media.psi.org\/wp-content\/uploads\/2014\/10\/31023010\/Minbuza.jpg 775w\" sizes=\"(max-width: 250px) 100vw, 250px\" \/><\/a>Minist\u00e9rio dos Neg\u00f3cios Estrangeiros dos Pa\u00edses Baixos<\/h2><p>O Minist\u00e9rio dos Neg\u00f3cios Estrangeiros dos Pa\u00edses Baixos est\u00e1 empenhado em construir um mundo seguro, est\u00e1vel e pr\u00f3spero, abordando quest\u00f5es como a redu\u00e7\u00e3o da pobreza, as altera\u00e7\u00f5es clim\u00e1ticas, o respeito pelos direitos humanos e pelo Estado de direito e a elimina\u00e7\u00e3o de conflitos.<\/p><p><strong><a title=\"Minist\u00e9rio dos Neg\u00f3cios Estrangeiros dos Pa\u00edses Baixos\" href=\"https:\/\/www.psi.org\/pt\/ministry-of-foreign-affairs-of-the-netherlands\/\" target=\"_blank\" rel=\"noopener noreferrer\"><strong>Ler mais<\/strong><\/a><\/strong><\/p><\/td><\/tr><tr><td><h2>UNITAID<img loading=\"lazy\" decoding=\"async\" class=\"wp-image-9499 size-medium alignright\" src=\"https:\/\/media.psi.org\/wp-content\/uploads\/2014\/10\/31021716\/Unitaid_logo_Eng_cmyk-250x102.png\" alt=\"\" width=\"250\" height=\"102\" srcset=\"https:\/\/media.psi.org\/wp-content\/uploads\/2014\/10\/31021716\/Unitaid_logo_Eng_cmyk-250x102.png 250w, https:\/\/media.psi.org\/wp-content\/uploads\/2014\/10\/31021716\/Unitaid_logo_Eng_cmyk-768x315.png 768w, https:\/\/media.psi.org\/wp-content\/uploads\/2014\/10\/31021716\/Unitaid_logo_Eng_cmyk-700x287.png 700w, https:\/\/media.psi.org\/wp-content\/uploads\/2014\/10\/31021716\/Unitaid_logo_Eng_cmyk-120x49.png 120w, https:\/\/media.psi.org\/wp-content\/uploads\/2014\/10\/31021716\/Unitaid_logo_Eng_cmyk-800x328.png 800w, https:\/\/media.psi.org\/wp-content\/uploads\/2014\/10\/31021716\/Unitaid_logo_Eng_cmyk-175x72.png 175w, https:\/\/media.psi.org\/wp-content\/uploads\/2014\/10\/31021716\/Unitaid_logo_Eng_cmyk-300x123.png 300w, https:\/\/media.psi.org\/wp-content\/uploads\/2014\/10\/31021716\/Unitaid_logo_Eng_cmyk.png 1650w\" sizes=\"(max-width: 250px) 100vw, 250px\" \/><\/h2><p>A UNITAID \u00e9 um mecanismo financeiro que angaria fundos para iniciativas globais de sa\u00fade que visam o VIH\/SIDA, a mal\u00e1ria e a tuberculose em pa\u00edses de baixo rendimento atrav\u00e9s de impostos sobre os bilhetes de avi\u00e3o e outros instrumentos de financiamento inovadores.<\/p><p><a title=\"UNITAID\" href=\"https:\/\/www.psi.org\/pt\/unitaid\/\"><strong>Ler mais<\/strong><\/a><\/p><\/td><\/tr><tr><td><h2><a title=\"Kreditanstalt f\u00fcr Wiederaufbau (KfW)\" href=\"https:\/\/www.psi.org\/pt\/kreditanstalt-fur-wiederaufbau-kfw\/\"><img loading=\"lazy\" decoding=\"async\" class=\"alignright wp-image-1538 size-medium\" src=\"https:\/\/www.psi.org\/wp-content\/uploads\/2014\/10\/KfW-250x107.jpg\" alt=\"KfW\" width=\"250\" height=\"107\" \/><\/a>Kreditanstalt f\u00fcr Wiederaufbau (KfW)<\/h2><p>O KfW tem uma s\u00e9rie de objectivos de desenvolvimento definidos pelo Governo alem\u00e3o, incluindo o abastecimento de \u00e1gua e o saneamento, as energias renov\u00e1veis e a efici\u00eancia energ\u00e9tica, bem como o desenvolvimento do sector financeiro.<\/p><p><strong><a title=\"Kreditanstalt f\u00fcr Wiederaufbau (KfW)\" href=\"https:\/\/www.psi.org\/pt\/kreditanstalt-fur-wiederaufbau-kfw\/\">Ler mais<\/a><\/strong><\/p><\/td><\/tr><tr><td><h2>Departamento de Defesa dos EUA (DOD)<img loading=\"lazy\" decoding=\"async\" class=\"wp-image-9511 alignright\" src=\"https:\/\/media.psi.org\/wp-content\/uploads\/2017\/06\/31021715\/DOD_logo-150x150.png\" alt=\"\" width=\"129\" height=\"129\" srcset=\"https:\/\/media.psi.org\/wp-content\/uploads\/2017\/06\/31021715\/DOD_logo-150x150.png 150w, https:\/\/media.psi.org\/wp-content\/uploads\/2017\/06\/31021715\/DOD_logo-250x250.png 250w, https:\/\/media.psi.org\/wp-content\/uploads\/2017\/06\/31021715\/DOD_logo-120x120.png 120w, https:\/\/media.psi.org\/wp-content\/uploads\/2017\/06\/31021715\/DOD_logo-175x175.png 175w, https:\/\/media.psi.org\/wp-content\/uploads\/2017\/06\/31021715\/DOD_logo-300x300.png 300w, https:\/\/media.psi.org\/wp-content\/uploads\/2017\/06\/31021715\/DOD_logo.png 600w\" sizes=\"(max-width: 129px) 100vw, 129px\" \/><\/h2><p>O DOD ajuda as na\u00e7\u00f5es parceiras a criar capacidade de sa\u00fade, combate as amea\u00e7as globais \u00e0 sa\u00fade - como as doen\u00e7as infecciosas emergentes e as bact\u00e9rias resistentes aos antibi\u00f3ticos - e apoia as iniciativas do Governo dos EUA para assist\u00eancia humanit\u00e1ria e ajuda em caso de cat\u00e1strofe.<\/p><p><strong><a title=\"Departamento de Defesa dos EUA (DOD)\" href=\"https:\/\/www.psi.org\/pt\/partnership\/key-development-partners\/u-s-department-of-defense\/\" target=\"_blank\" rel=\"noopener noreferrer\">Ler mais\u00a0<\/a><\/strong><\/p><\/td><\/tr><tr><td><h2>Funda\u00e7\u00e3o Children's Investment Fund (CIFF)<img loading=\"lazy\" decoding=\"async\" class=\"wp-image-9516 size-medium alignright\" src=\"https:\/\/media.psi.org\/wp-content\/uploads\/2017\/06\/31021714\/CIFFlogo-250x60.png\" alt=\"\" width=\"250\" height=\"60\" srcset=\"https:\/\/media.psi.org\/wp-content\/uploads\/2017\/06\/31021714\/CIFFlogo-250x60.png 250w, https:\/\/media.psi.org\/wp-content\/uploads\/2017\/06\/31021714\/CIFFlogo-768x185.png 768w, https:\/\/media.psi.org\/wp-content\/uploads\/2017\/06\/31021714\/CIFFlogo-700x168.png 700w, https:\/\/media.psi.org\/wp-content\/uploads\/2017\/06\/31021714\/CIFFlogo-120x29.png 120w, https:\/\/media.psi.org\/wp-content\/uploads\/2017\/06\/31021714\/CIFFlogo-800x193.png 800w, https:\/\/media.psi.org\/wp-content\/uploads\/2017\/06\/31021714\/CIFFlogo-175x42.png 175w, https:\/\/media.psi.org\/wp-content\/uploads\/2017\/06\/31021714\/CIFFlogo-300x72.png 300w, https:\/\/media.psi.org\/wp-content\/uploads\/2017\/06\/31021714\/CIFFlogo.png 860w\" sizes=\"(max-width: 250px) 100vw, 250px\" \/><\/h2><p>A miss\u00e3o do CIFF \u00e9 melhorar de forma demonstrativa a vida das crian\u00e7as que vivem na pobreza nos pa\u00edses em desenvolvimento. As suas principais \u00e1reas de atividade s\u00e3o a sa\u00fade e a nutri\u00e7\u00e3o materno-infantil; a educa\u00e7\u00e3o e o bem-estar das crian\u00e7as; e formas inteligentes de abrandar e travar as altera\u00e7\u00f5es clim\u00e1ticas.<\/p><p><strong><a title=\"Funda\u00e7\u00e3o Children&#039;s Investment Fund (CIFF)\" href=\"https:\/\/www.psi.org\/pt\/partnership\/key-development-partners\/childrens-investment-fund-foundation\/\" target=\"_blank\" rel=\"noopener noreferrer\">Ler mais\u00a0<\/a><\/strong><\/p><\/td><\/tr><tr><td><h2><a title=\"Fundo das Na\u00e7\u00f5es Unidas para a Inf\u00e2ncia (UNICEF)\" href=\"https:\/\/www.psi.org\/pt\/the-united-nations-childrens-fund-unicef\/\"><img loading=\"lazy\" decoding=\"async\" width=\"150\" height=\"150\" class=\"alignright size-thumbnail wp-image-1549\" src=\"https:\/\/media.psi.org\/wp-content\/uploads\/2014\/10\/31023011\/UNICEF-150x150.jpeg\" alt=\"UNICEF logo\" \/><\/a>Fundo das Na\u00e7\u00f5es Unidas para a Inf\u00e2ncia (UNICEF)<\/h2><p>Membro do Grupo de Desenvolvimento e do Comit\u00e9 Executivo das Na\u00e7\u00f5es Unidas, o Fundo das Na\u00e7\u00f5es Unidas para a Inf\u00e2ncia (UNICEF) presta assist\u00eancia ao desenvolvimento e ajuda humanit\u00e1ria a mulheres e crian\u00e7as nos pa\u00edses em desenvolvimento.<\/p><p><a title=\"Fundo das Na\u00e7\u00f5es Unidas para a Inf\u00e2ncia (UNICEF)\" href=\"https:\/\/www.psi.org\/pt\/the-united-nations-childrens-fund-unicef\/\"><strong>Ler mais<\/strong><\/a><\/p><\/td><\/tr><tr><td><h2><a title=\"Os Centros de Controlo e Preven\u00e7\u00e3o de Doen\u00e7as (CDC)\" href=\"https:\/\/www.psi.org\/pt\/the-centers-for-disease-control-and-prevention-cdc\/\"><img loading=\"lazy\" decoding=\"async\" class=\"alignright wp-image-1533 size-thumbnail\" src=\"https:\/\/media.psi.org\/wp-content\/uploads\/2014\/10\/31023012\/CDC1-150x145.jpeg\" alt=\"Centers for Disease Control and Prevention logo\" width=\"150\" height=\"145\" \/><\/a>Os Centros de Controlo e Preven\u00e7\u00e3o de Doen\u00e7as (CDC)<\/h2><p>Os Centros de Controlo e Preven\u00e7\u00e3o de Doen\u00e7as (CDC) s\u00e3o uma das principais componentes operacionais do Departamento de Sa\u00fade e Servi\u00e7os Humanos dos Estados Unidos, que gere cerca de US$2 mil milh\u00f5es em investimentos financeiros do Governo dos Estados Unidos para proteger a sa\u00fade e seguran\u00e7a p\u00fablicas atrav\u00e9s do controlo e preven\u00e7\u00e3o de doen\u00e7as, les\u00f5es e incapacidades nos EUA e a n\u00edvel internacional.<\/p><p><strong><a title=\"Os Centros de Controlo e Preven\u00e7\u00e3o de Doen\u00e7as (CDC)\" href=\"https:\/\/www.psi.org\/pt\/the-centers-for-disease-control-and-prevention-cdc\/\">Ler mais<\/a><\/strong><\/p><\/td><\/tr><tr><td><h2>Grand Challenges Canada (GCC)<a href=\"https:\/\/www.grandchallenges.ca\/\"><img loading=\"lazy\" decoding=\"async\" class=\"wp-image-16559 alignright\" src=\"https:\/\/www.psi.org\/wp-content\/uploads\/2019\/03\/Grand-Challenges-Canada-GCC-2.png\" alt=\"\" width=\"329\" height=\"140\" \/><\/a><\/h2><p>Financiado pelo Governo do Canad\u00e1 e por outros parceiros, o Grand Challenges Canada dedica-se a apoiar ideias arrojadas com grande impacto. Desde a sua cria\u00e7\u00e3o, o Grand Challenges Canada apoiou um conjunto de mais de 1000 inova\u00e7\u00f5es em mais de 90 pa\u00edses, o que faz dele um dos maiores investidores de impacto no Canad\u00e1.<\/p><p><strong><a title=\"Grand Challenges Canada (GCC)\" href=\"https:\/\/www.grandchallenges.ca\/\">Ler mais<\/a><\/strong><\/p><\/td><\/tr><\/tbody><\/table><div class=\"page\" title=\"P\u00e1gina 6\">\u00a0<\/div><\/div>\t\t\t\t\t\t\t\t<\/div>\n\t\t\t\t<\/div>\n\t\t\t\t\t<\/div>\n\t\t<\/div>\n\t\t\t\t\t<\/div>\n\t\t<\/section>\n\t\t\t\t<\/div>","protected":false},"excerpt":{"rendered":"<p>Key Development Partners Below is a list of governments agencies, international organizations and foundations that comprise our key development partners: \u00a0The Global Fund to Fight AIDS, TB and Malaria The Global Fund to Fight AIDS, TB and Malaria (The Global Fund) is a partnership organization designed to accelerate the end of AIDS, tuberculosis, and malaria [&hellip;]<\/p>\n","protected":false},"author":89,"featured_media":4993,"parent":0,"menu_order":0,"comment_status":"closed","ping_status":"closed","template":"elementor_header_footer","meta":{"footnotes":""},"class_list":["post-243","page","type-page","status-publish","has-post-thumbnail","hentry"],"aioseo_notices":[],"_links":{"self":[{"href":"https:\/\/www.psi.org\/pt\/wp-json\/wp\/v2\/pages\/243","targetHints":{"allow":["GET"]}}],"collection":[{"href":"https:\/\/www.psi.org\/pt\/wp-json\/wp\/v2\/pages"}],"about":[{"href":"https:\/\/www.psi.org\/pt\/wp-json\/wp\/v2\/types\/page"}],"author":[{"embeddable":true,"href":"https:\/\/www.psi.org\/pt\/wp-json\/wp\/v2\/users\/89"}],"replies":[{"embeddable":true,"href":"https:\/\/www.psi.org\/pt\/wp-json\/wp\/v2\/comments?post=243"}],"version-history":[{"count":0,"href":"https:\/\/www.psi.org\/pt\/wp-json\/wp\/v2\/pages\/243\/revisions"}],"wp:featuredmedia":[{"embeddable":true,"href":"https:\/\/www.psi.org\/pt\/wp-json\/wp\/v2\/media\/4993"}],"wp:attachment":[{"href":"https:\/\/www.psi.org\/pt\/wp-json\/wp\/v2\/media?parent=243"}],"curies":[{"name":"wp","href":"https:\/\/api.w.org\/{rel}","templated":true}]}}